{"id":1145,"date":"2017-11-13T17:48:08","date_gmt":"2017-11-13T16:48:08","guid":{"rendered":"http:\/\/english67.fr\/?page_id=1145"},"modified":"2018-06-28T11:29:34","modified_gmt":"2018-06-28T10:29:34","slug":"countries-and-nationalities","status":"publish","type":"page","link":"https:\/\/english67.fr\/?page_id=1145","title":{"rendered":"Countries and nationalities"},"content":{"rendered":"<p><span style=\"color: #99cc00;\"><strong><span style=\"color: #0000ff;\">Voici des jeux pour apprendre les pays et nationalit\u00e9s!<\/span><br \/>\n<\/strong><\/span><\/p>\n<p><a href=\"https:\/\/learningapps.org\/view1633324\" target=\"_blank\" rel=\"noopener noreferrer\">Game 1: Where do you come from? <\/a>(by A. Roustain)<\/p>\n<p><a href=\"https:\/\/learningapps.org\/view1656043\" target=\"_blank\" rel=\"noopener noreferrer\">Game 2: Comprendre des pays \u00e0 l&rsquo;oral + conna\u00eetre les drapeaux<\/a> (by stephdarrieux)<\/p>\n<p><a href=\"https:\/\/learningapps.org\/view1185525\" target=\"_blank\" rel=\"noopener noreferrer\">Game 3: Conna\u00eetre les \u00eeles britanniques <\/a>(by C. Alves)<\/p>\n<p><a href=\"https:\/\/learningapps.org\/view2638528\" target=\"_blank\" rel=\"noopener noreferrer\">Game 4:\u00a0 MIX de r\u00e9visions\u00a0<\/a>(by I. Beaubreuil)<\/p>\n","protected":false},"excerpt":{"rendered":"<p>Voici des jeux pour apprendre les pays et nationalit\u00e9s! Game 1: Where do you come from? (by A. Roustain) Game 2: Comprendre des pays \u00e0 l&rsquo;oral + conna\u00eetre les drapeaux (by stephdarrieux) Game 3: Conna\u00eetre les \u00eeles britanniques (by C. Alves) Game 4:\u00a0 MIX de r\u00e9visions\u00a0(by I. Beaubreuil)<\/p>\n","protected":false},"author":1,"featured_media":1147,"parent":0,"menu_order":0,"comment_status":"closed","ping_status":"closed","template":"","meta":{"footnotes":""},"class_list":["post-1145","page","type-page","status-publish","has-post-thumbnail","hentry"],"_links":{"self":[{"href":"https:\/\/english67.fr\/index.php?rest_route=\/wp\/v2\/pages\/1145","targetHints":{"allow":["GET"]}}],"collection":[{"href":"https:\/\/english67.fr\/index.php?rest_route=\/wp\/v2\/pages"}],"about":[{"href":"https:\/\/english67.fr\/index.php?rest_route=\/wp\/v2\/types\/page"}],"author":[{"embeddable":true,"href":"https:\/\/english67.fr\/index.php?rest_route=\/wp\/v2\/users\/1"}],"replies":[{"embeddable":true,"href":"https:\/\/english67.fr\/index.php?rest_route=%2Fwp%2Fv2%2Fcomments&post=1145"}],"version-history":[{"count":9,"href":"https:\/\/english67.fr\/index.php?rest_route=\/wp\/v2\/pages\/1145\/revisions"}],"predecessor-version":[{"id":1540,"href":"https:\/\/english67.fr\/index.php?rest_route=\/wp\/v2\/pages\/1145\/revisions\/1540"}],"wp:featuredmedia":[{"embeddable":true,"href":"https:\/\/english67.fr\/index.php?rest_route=\/wp\/v2\/media\/1147"}],"wp:attachment":[{"href":"https:\/\/english67.fr\/index.php?rest_route=%2Fwp%2Fv2%2Fmedia&parent=1145"}],"curies":[{"name":"wp","href":"https:\/\/api.w.org\/{rel}","templated":true}]}}