{"id":1162,"date":"2017-11-13T18:20:52","date_gmt":"2017-11-13T17:20:52","guid":{"rendered":"http:\/\/english67.fr\/?page_id=1162"},"modified":"2020-08-17T10:51:19","modified_gmt":"2020-08-17T09:51:19","slug":"introducing-oneself","status":"publish","type":"page","link":"https:\/\/english67.fr\/?page_id=1162","title":{"rendered":"Introducing oneself"},"content":{"rendered":"<h1>Se pr\u00e9senter avec les tutos de Huito:<\/h1>\n<p><iframe loading=\"lazy\" title=\"Se pr\u00e9senter en anglais\" width=\"474\" height=\"267\" src=\"https:\/\/www.youtube.com\/embed\/7b5FBxfApkU?feature=oembed\" frameborder=\"0\" allow=\"accelerometer; autoplay; clipboard-write; encrypted-media; gyroscope; picture-in-picture; web-share\" referrerpolicy=\"strict-origin-when-cross-origin\" allowfullscreen><\/iframe><\/p>\n<hr \/>\n<p><a href=\"https:\/\/learningapps.org\/view1705977\" target=\"_blank\" rel=\"noopener noreferrer\">Ecouter et comprendre des questions<\/a><\/p>\n<p><a href=\"https:\/\/learningapps.org\/view2686749\" target=\"_blank\" rel=\"noopener noreferrer\">Jeu: compl\u00e9ter le texte<\/a><\/p>\n<p><a href=\"https:\/\/learningapps.org\/view2587875\" target=\"_blank\" rel=\"noopener noreferrer\">Matching exercise: Questions \u00e0 un nouvel \u00e9l\u00e8ve \u00e0 l&rsquo;\u00e9cole<\/a><\/p>\n<p><a href=\"http:\/\/www.letshavefunwithenglish.com\/games\/get_to_know_your_new_classmates\/index.html\" target=\"_blank\" rel=\"noopener noreferrer\">Class game 4e<\/a><\/p>\n\n\n<p><\/p>\n","protected":false},"excerpt":{"rendered":"<p>Se pr\u00e9senter avec les tutos de Huito: Ecouter et comprendre des questions Jeu: compl\u00e9ter le texte Matching exercise: Questions \u00e0 un nouvel \u00e9l\u00e8ve \u00e0 l&rsquo;\u00e9cole Class game 4e<\/p>\n","protected":false},"author":1,"featured_media":1164,"parent":0,"menu_order":0,"comment_status":"closed","ping_status":"closed","template":"","meta":{"footnotes":""},"class_list":["post-1162","page","type-page","status-publish","has-post-thumbnail","hentry"],"_links":{"self":[{"href":"https:\/\/english67.fr\/index.php?rest_route=\/wp\/v2\/pages\/1162","targetHints":{"allow":["GET"]}}],"collection":[{"href":"https:\/\/english67.fr\/index.php?rest_route=\/wp\/v2\/pages"}],"about":[{"href":"https:\/\/english67.fr\/index.php?rest_route=\/wp\/v2\/types\/page"}],"author":[{"embeddable":true,"href":"https:\/\/english67.fr\/index.php?rest_route=\/wp\/v2\/users\/1"}],"replies":[{"embeddable":true,"href":"https:\/\/english67.fr\/index.php?rest_route=%2Fwp%2Fv2%2Fcomments&post=1162"}],"version-history":[{"count":6,"href":"https:\/\/english67.fr\/index.php?rest_route=\/wp\/v2\/pages\/1162\/revisions"}],"predecessor-version":[{"id":2140,"href":"https:\/\/english67.fr\/index.php?rest_route=\/wp\/v2\/pages\/1162\/revisions\/2140"}],"wp:featuredmedia":[{"embeddable":true,"href":"https:\/\/english67.fr\/index.php?rest_route=\/wp\/v2\/media\/1164"}],"wp:attachment":[{"href":"https:\/\/english67.fr\/index.php?rest_route=%2Fwp%2Fv2%2Fmedia&parent=1162"}],"curies":[{"name":"wp","href":"https:\/\/api.w.org\/{rel}","templated":true}]}}