{"id":1276,"date":"2018-01-10T15:52:26","date_gmt":"2018-01-10T14:52:26","guid":{"rendered":"http:\/\/english67.fr\/?page_id=1276"},"modified":"2020-01-22T17:05:34","modified_gmt":"2020-01-22T16:05:34","slug":"william-shakespeare","status":"publish","type":"page","link":"https:\/\/english67.fr\/?page_id=1276","title":{"rendered":"William Shakespeare"},"content":{"rendered":"<p><a href=\"https:\/\/learningapps.org\/view2274867\" target=\"_blank\" rel=\"noopener noreferrer\">Activit\u00e9 1: Testez vos connaissances sur William Shakespeare<\/a><\/p>\n<hr \/>\n<p><strong>Mini biographie de Shakespeare en vid\u00e9o:<\/strong><\/p>\n<p><iframe loading=\"lazy\" title=\"Mini Bio - Shakespeare\" width=\"474\" height=\"267\" src=\"https:\/\/www.youtube.com\/embed\/huGyjJzPyoE?feature=oembed\" frameborder=\"0\" allow=\"accelerometer; autoplay; clipboard-write; encrypted-media; gyroscope; picture-in-picture; web-share\" referrerpolicy=\"strict-origin-when-cross-origin\" allowfullscreen><\/iframe><\/p>\n<hr \/>\n<p><span style=\"color: #000080;\"><strong>Pour comprendre le r\u00e9sum\u00e9 de certaines pi\u00e8ces, regardez ces vid\u00e9os et faites les jeux pour v\u00e9rifier votre compr\u00e9hension:<\/strong><\/span> <a href=\"http:\/\/learnenglishkids.britishcouncil.org\/en\/category\/topics\/shakespeare\" target=\"_blank\" rel=\"noopener noreferrer\">CLIQUER ICI!<\/a><\/p>\n","protected":false},"excerpt":{"rendered":"<p>Activit\u00e9 1: Testez vos connaissances sur William Shakespeare Mini biographie de Shakespeare en vid\u00e9o: Pour comprendre le r\u00e9sum\u00e9 de certaines pi\u00e8ces, regardez ces vid\u00e9os et faites les jeux pour v\u00e9rifier votre compr\u00e9hension: CLIQUER ICI!<\/p>\n","protected":false},"author":1,"featured_media":1277,"parent":0,"menu_order":0,"comment_status":"closed","ping_status":"closed","template":"","meta":{"footnotes":""},"class_list":["post-1276","page","type-page","status-publish","has-post-thumbnail","hentry"],"_links":{"self":[{"href":"https:\/\/english67.fr\/index.php?rest_route=\/wp\/v2\/pages\/1276","targetHints":{"allow":["GET"]}}],"collection":[{"href":"https:\/\/english67.fr\/index.php?rest_route=\/wp\/v2\/pages"}],"about":[{"href":"https:\/\/english67.fr\/index.php?rest_route=\/wp\/v2\/types\/page"}],"author":[{"embeddable":true,"href":"https:\/\/english67.fr\/index.php?rest_route=\/wp\/v2\/users\/1"}],"replies":[{"embeddable":true,"href":"https:\/\/english67.fr\/index.php?rest_route=%2Fwp%2Fv2%2Fcomments&post=1276"}],"version-history":[{"count":4,"href":"https:\/\/english67.fr\/index.php?rest_route=\/wp\/v2\/pages\/1276\/revisions"}],"predecessor-version":[{"id":1973,"href":"https:\/\/english67.fr\/index.php?rest_route=\/wp\/v2\/pages\/1276\/revisions\/1973"}],"wp:featuredmedia":[{"embeddable":true,"href":"https:\/\/english67.fr\/index.php?rest_route=\/wp\/v2\/media\/1277"}],"wp:attachment":[{"href":"https:\/\/english67.fr\/index.php?rest_route=%2Fwp%2Fv2%2Fmedia&parent=1276"}],"curies":[{"name":"wp","href":"https:\/\/api.w.org\/{rel}","templated":true}]}}