{"id":1290,"date":"2018-01-20T11:45:13","date_gmt":"2018-01-20T10:45:13","guid":{"rendered":"http:\/\/english67.fr\/?page_id=1290"},"modified":"2020-02-03T15:13:27","modified_gmt":"2020-02-03T14:13:27","slug":"prepositions-de-lieu","status":"publish","type":"page","link":"https:\/\/english67.fr\/?page_id=1290","title":{"rendered":"Prepositions of place"},"content":{"rendered":"<p><span style=\"color: #333399;\"><strong>Pour pouvoir localiser et d\u00e9crire des objets et endroits, il faut conna\u00eetre les pr\u00e9positions de lieu. Faites le jeu quizlet que je vous ai pr\u00e9par\u00e9 pour les m\u00e9moriser!<\/strong><\/span><\/p>\n<p><a href=\"https:\/\/quizlet.com\/260108626\/prepositions-of-place-where-is-the-ball-flash-cards\/\" target=\"_blank\" rel=\"noopener noreferrer\">JEU Quizlet<\/a><\/p>\n<p><a href=\"https:\/\/learningapps.org\/view3899388\" target=\"_blank\" rel=\"noopener noreferrer\">Matching exercise 1<\/a> (by Leleu31)<\/p>\n<p><a href=\"https:\/\/learningapps.org\/view1666673\" target=\"_blank\" rel=\"noopener noreferrer\">Matching exercise 2<\/a> (by Munoz)<\/p>\n<p><a href=\"https:\/\/learningapps.org\/view3556486\" target=\"_blank\" rel=\"noopener noreferrer\">Wordsearch<\/a> (by Hardy M.)<\/p>\n<p><a href=\"https:\/\/learningapps.org\/view8634532\" target=\"_blank\" rel=\"noopener noreferrer\">Lire et comprendre 1<\/a> (by teachermissj)<\/p>\n<p><a href=\"https:\/\/learningapps.org\/view683209\" target=\"_blank\" rel=\"noopener noreferrer\">Ecouter et comprendre 1<\/a> (by Lingua Franca)<\/p>\n<p><a href=\"https:\/\/learningapps.org\/view4926995\" target=\"_blank\" rel=\"noopener noreferrer\">Ecrire 1<\/a> (by Bianca 43)<\/p>\n<p><a href=\"https:\/\/learningapps.org\/view6520768\" target=\"_blank\" rel=\"noopener noreferrer\">Ecrire 2: Compl\u00e8te le texte <\/a> (by Leleu31)<\/p>\n<p><a href=\"https:\/\/learningapps.org\/view6520685\" target=\"_blank\" rel=\"noopener noreferrer\">Ecrire 3: Compl\u00e8te le texte 2<\/a> (by Leleu31)<\/p>\n","protected":false},"excerpt":{"rendered":"<p>Pour pouvoir localiser et d\u00e9crire des objets et endroits, il faut conna\u00eetre les pr\u00e9positions de lieu. Faites le jeu quizlet que je vous ai pr\u00e9par\u00e9 pour les m\u00e9moriser! JEU Quizlet Matching exercise 1 (by Leleu31) Matching exercise 2 (by Munoz) Wordsearch (by Hardy M.) Lire et comprendre 1 (by teachermissj) Ecouter et comprendre 1 (by &hellip; <a href=\"https:\/\/english67.fr\/?page_id=1290\" class=\"more-link\">Continuer la lecture de <span class=\"screen-reader-text\">Prepositions of place<\/span>  <span class=\"meta-nav\">&rarr;<\/span><\/a><\/p>\n","protected":false},"author":1,"featured_media":0,"parent":0,"menu_order":0,"comment_status":"closed","ping_status":"closed","template":"","meta":{"footnotes":""},"class_list":["post-1290","page","type-page","status-publish","hentry"],"_links":{"self":[{"href":"https:\/\/english67.fr\/index.php?rest_route=\/wp\/v2\/pages\/1290","targetHints":{"allow":["GET"]}}],"collection":[{"href":"https:\/\/english67.fr\/index.php?rest_route=\/wp\/v2\/pages"}],"about":[{"href":"https:\/\/english67.fr\/index.php?rest_route=\/wp\/v2\/types\/page"}],"author":[{"embeddable":true,"href":"https:\/\/english67.fr\/index.php?rest_route=\/wp\/v2\/users\/1"}],"replies":[{"embeddable":true,"href":"https:\/\/english67.fr\/index.php?rest_route=%2Fwp%2Fv2%2Fcomments&post=1290"}],"version-history":[{"count":4,"href":"https:\/\/english67.fr\/index.php?rest_route=\/wp\/v2\/pages\/1290\/revisions"}],"predecessor-version":[{"id":1986,"href":"https:\/\/english67.fr\/index.php?rest_route=\/wp\/v2\/pages\/1290\/revisions\/1986"}],"wp:attachment":[{"href":"https:\/\/english67.fr\/index.php?rest_route=%2Fwp%2Fv2%2Fmedia&parent=1290"}],"curies":[{"name":"wp","href":"https:\/\/api.w.org\/{rel}","templated":true}]}}