{"id":1297,"date":"2018-01-20T15:15:09","date_gmt":"2018-01-20T14:15:09","guid":{"rendered":"http:\/\/english67.fr\/?page_id=1297"},"modified":"2020-10-02T10:05:55","modified_gmt":"2020-10-02T09:05:55","slug":"past-continuous","status":"publish","type":"page","link":"https:\/\/english67.fr\/?page_id=1297","title":{"rendered":"Past continuous"},"content":{"rendered":"<p><strong>Vid\u00e9os en anglais sur le \u00ab\u00a0past continuous\u00a0\u00bb :<\/strong><\/p>\n<p><iframe loading=\"lazy\" title=\"Past Continuous | English Grammar | ESL | A Grammar Lesson on the Past Continuous | Past Progressive\" width=\"474\" height=\"267\" src=\"https:\/\/www.youtube.com\/embed\/liX95VS4a14?feature=oembed\" frameborder=\"0\" allow=\"accelerometer; autoplay; clipboard-write; encrypted-media; gyroscope; picture-in-picture; web-share\" referrerpolicy=\"strict-origin-when-cross-origin\" allowfullscreen><\/iframe><\/p>\n<p><iframe loading=\"lazy\" title=\"Past Continuous Tense ( Past Progressive) - English grammar tutorial video lesson\" width=\"474\" height=\"356\" src=\"https:\/\/www.youtube.com\/embed\/Lm7BJV3sizM?feature=oembed\" frameborder=\"0\" allow=\"accelerometer; autoplay; clipboard-write; encrypted-media; gyroscope; picture-in-picture; web-share\" referrerpolicy=\"strict-origin-when-cross-origin\" allowfullscreen><\/iframe><\/p>\n<p><strong>Vid\u00e9o en anglais sur la diff\u00e9rence entre le pr\u00e9t\u00e9rit et le \u00ab\u00a0past continuous\u00a0\u00bb:<\/strong><\/p>\n<p><iframe loading=\"lazy\" title=\"Past Simple and Past Continuous - English grammar tutorial video lesson\" width=\"474\" height=\"267\" src=\"https:\/\/www.youtube.com\/embed\/_XP4le29BAM?feature=oembed\" frameborder=\"0\" allow=\"accelerometer; autoplay; clipboard-write; encrypted-media; gyroscope; picture-in-picture; web-share\" referrerpolicy=\"strict-origin-when-cross-origin\" allowfullscreen><\/iframe><\/p>\n<hr \/>\n<p><span style=\"color: #000080;\"><strong>Pour s&rsquo;entra\u00eener:<\/strong><\/span><\/p>\n<p><a href=\"https:\/\/learningapps.org\/view3178126\" target=\"_blank\" rel=\"noopener noreferrer\">Activit\u00e9 1: Ecrire le verbe au \u00ab\u00a0past continous\u00a0\u00bb<\/a><\/p>\n","protected":false},"excerpt":{"rendered":"<p>Vid\u00e9os en anglais sur le \u00ab\u00a0past continuous\u00a0\u00bb : Vid\u00e9o en anglais sur la diff\u00e9rence entre le pr\u00e9t\u00e9rit et le \u00ab\u00a0past continuous\u00a0\u00bb: Pour s&rsquo;entra\u00eener: Activit\u00e9 1: Ecrire le verbe au \u00ab\u00a0past continous\u00a0\u00bb<\/p>\n","protected":false},"author":1,"featured_media":0,"parent":0,"menu_order":0,"comment_status":"closed","ping_status":"closed","template":"","meta":{"footnotes":""},"class_list":["post-1297","page","type-page","status-publish","hentry"],"_links":{"self":[{"href":"https:\/\/english67.fr\/index.php?rest_route=\/wp\/v2\/pages\/1297","targetHints":{"allow":["GET"]}}],"collection":[{"href":"https:\/\/english67.fr\/index.php?rest_route=\/wp\/v2\/pages"}],"about":[{"href":"https:\/\/english67.fr\/index.php?rest_route=\/wp\/v2\/types\/page"}],"author":[{"embeddable":true,"href":"https:\/\/english67.fr\/index.php?rest_route=\/wp\/v2\/users\/1"}],"replies":[{"embeddable":true,"href":"https:\/\/english67.fr\/index.php?rest_route=%2Fwp%2Fv2%2Fcomments&post=1297"}],"version-history":[{"count":8,"href":"https:\/\/english67.fr\/index.php?rest_route=\/wp\/v2\/pages\/1297\/revisions"}],"predecessor-version":[{"id":2269,"href":"https:\/\/english67.fr\/index.php?rest_route=\/wp\/v2\/pages\/1297\/revisions\/2269"}],"wp:attachment":[{"href":"https:\/\/english67.fr\/index.php?rest_route=%2Fwp%2Fv2%2Fmedia&parent=1297"}],"curies":[{"name":"wp","href":"https:\/\/api.w.org\/{rel}","templated":true}]}}