{"id":1354,"date":"2018-02-07T09:03:18","date_gmt":"2018-02-07T08:03:18","guid":{"rendered":"http:\/\/english67.fr\/?page_id=1354"},"modified":"2020-01-11T17:36:38","modified_gmt":"2020-01-11T16:36:38","slug":"roald-dahl","status":"publish","type":"page","link":"https:\/\/english67.fr\/?page_id=1354","title":{"rendered":"Roald Dahl"},"content":{"rendered":"<p><span style=\"color: #000080;\"><strong>Pour conna\u00eetre Roald Dahl, visitez le site qui lui est d\u00e9di\u00e9:<\/strong><\/span><\/p>\n<p><a href=\"https:\/\/www.roalddahl.com\/\">https:\/\/www.roalddahl.com\/<\/a><\/p>\n<hr \/>\n<p><span style=\"color: #000080;\"><strong>Petite biographie en vid\u00e9o:<\/strong><\/span><\/p>\n<p><iframe loading=\"lazy\" title=\"Roald Dahl quick bio - Behind the News\" width=\"474\" height=\"267\" src=\"https:\/\/www.youtube.com\/embed\/qcOj8PsRx60?feature=oembed\" frameborder=\"0\" allow=\"accelerometer; autoplay; clipboard-write; encrypted-media; gyroscope; picture-in-picture; web-share\" referrerpolicy=\"strict-origin-when-cross-origin\" allowfullscreen><\/iframe><\/p>\n<hr \/>\n<p><strong><span style=\"color: #000080;\">Here&rsquo;s the full movie of \u00ab\u00a0Matilda\u00a0\u00bb :<\/span><\/strong><\/p>\n<p>https:\/\/youtu.be\/Q8Fix0-QCKA<\/p>\n<hr \/>\n<p><strong><span style=\"color: #000080;\">Voici la bande-annonce de l&rsquo;adaptation cin\u00e9matographique du livre \u00ab\u00a0The BFG\u00a0\u00bb.<\/span><\/strong><\/p>\n<p>https:\/\/www.youtube.com\/watch?v=GZ0Bey4YUGI<\/p>\n","protected":false},"excerpt":{"rendered":"<p>Pour conna\u00eetre Roald Dahl, visitez le site qui lui est d\u00e9di\u00e9: https:\/\/www.roalddahl.com\/ Petite biographie en vid\u00e9o: Here&rsquo;s the full movie of \u00ab\u00a0Matilda\u00a0\u00bb : https:\/\/youtu.be\/Q8Fix0-QCKA Voici la bande-annonce de l&rsquo;adaptation cin\u00e9matographique du livre \u00ab\u00a0The BFG\u00a0\u00bb. https:\/\/www.youtube.com\/watch?v=GZ0Bey4YUGI<\/p>\n","protected":false},"author":1,"featured_media":0,"parent":0,"menu_order":0,"comment_status":"closed","ping_status":"closed","template":"","meta":{"footnotes":""},"class_list":["post-1354","page","type-page","status-publish","hentry"],"_links":{"self":[{"href":"https:\/\/english67.fr\/index.php?rest_route=\/wp\/v2\/pages\/1354","targetHints":{"allow":["GET"]}}],"collection":[{"href":"https:\/\/english67.fr\/index.php?rest_route=\/wp\/v2\/pages"}],"about":[{"href":"https:\/\/english67.fr\/index.php?rest_route=\/wp\/v2\/types\/page"}],"author":[{"embeddable":true,"href":"https:\/\/english67.fr\/index.php?rest_route=\/wp\/v2\/users\/1"}],"replies":[{"embeddable":true,"href":"https:\/\/english67.fr\/index.php?rest_route=%2Fwp%2Fv2%2Fcomments&post=1354"}],"version-history":[{"count":2,"href":"https:\/\/english67.fr\/index.php?rest_route=\/wp\/v2\/pages\/1354\/revisions"}],"predecessor-version":[{"id":1943,"href":"https:\/\/english67.fr\/index.php?rest_route=\/wp\/v2\/pages\/1354\/revisions\/1943"}],"wp:attachment":[{"href":"https:\/\/english67.fr\/index.php?rest_route=%2Fwp%2Fv2%2Fmedia&parent=1354"}],"curies":[{"name":"wp","href":"https:\/\/api.w.org\/{rel}","templated":true}]}}