{"id":1413,"date":"2018-03-09T11:44:45","date_gmt":"2018-03-09T10:44:45","guid":{"rendered":"http:\/\/english67.fr\/?page_id=1413"},"modified":"2018-03-09T11:44:45","modified_gmt":"2018-03-09T10:44:45","slug":"big-ben","status":"publish","type":"page","link":"https:\/\/english67.fr\/?page_id=1413","title":{"rendered":"Big Ben"},"content":{"rendered":"<p><strong>Comment Big Ben arrive \u00e0 \u00eatre toujours \u00e0 l&rsquo;heure?<\/strong> <a href=\"https:\/\/www.youtube.com\/embed\/Qad6Q_RbQQ0?rel=0\" target=\"_blank\" rel=\"noopener\">Regardez cette vid\u00e9o!<\/a><\/p>\n","protected":false},"excerpt":{"rendered":"<p>Comment Big Ben arrive \u00e0 \u00eatre toujours \u00e0 l&rsquo;heure? Regardez cette vid\u00e9o!<\/p>\n","protected":false},"author":1,"featured_media":1412,"parent":0,"menu_order":0,"comment_status":"closed","ping_status":"closed","template":"","meta":{"footnotes":""},"class_list":["post-1413","page","type-page","status-publish","has-post-thumbnail","hentry"],"_links":{"self":[{"href":"https:\/\/english67.fr\/index.php?rest_route=\/wp\/v2\/pages\/1413","targetHints":{"allow":["GET"]}}],"collection":[{"href":"https:\/\/english67.fr\/index.php?rest_route=\/wp\/v2\/pages"}],"about":[{"href":"https:\/\/english67.fr\/index.php?rest_route=\/wp\/v2\/types\/page"}],"author":[{"embeddable":true,"href":"https:\/\/english67.fr\/index.php?rest_route=\/wp\/v2\/users\/1"}],"replies":[{"embeddable":true,"href":"https:\/\/english67.fr\/index.php?rest_route=%2Fwp%2Fv2%2Fcomments&post=1413"}],"version-history":[{"count":1,"href":"https:\/\/english67.fr\/index.php?rest_route=\/wp\/v2\/pages\/1413\/revisions"}],"predecessor-version":[{"id":1414,"href":"https:\/\/english67.fr\/index.php?rest_route=\/wp\/v2\/pages\/1413\/revisions\/1414"}],"wp:featuredmedia":[{"embeddable":true,"href":"https:\/\/english67.fr\/index.php?rest_route=\/wp\/v2\/media\/1412"}],"wp:attachment":[{"href":"https:\/\/english67.fr\/index.php?rest_route=%2Fwp%2Fv2%2Fmedia&parent=1413"}],"curies":[{"name":"wp","href":"https:\/\/api.w.org\/{rel}","templated":true}]}}