{"id":1416,"date":"2018-03-09T14:52:27","date_gmt":"2018-03-09T13:52:27","guid":{"rendered":"http:\/\/english67.fr\/?page_id=1416"},"modified":"2019-03-25T14:01:08","modified_gmt":"2019-03-25T13:01:08","slug":"breakfast","status":"publish","type":"page","link":"https:\/\/english67.fr\/?page_id=1416","title":{"rendered":"Breakfast"},"content":{"rendered":"<p><span style=\"color: #003366;\"><strong>Pour apprendre le lexique du petit-d\u00e9jeuner, faites l&rsquo;activit\u00e9 quizlet:<\/strong><\/span><\/p>\n<p><a href=\"https:\/\/quizlet.com\/_6cw2ma\" target=\"_blank\" rel=\"noopener\">https:\/\/quizlet.com\/_6cw2ma<\/a><\/p>\n<hr \/>\n<p><span style=\"color: #003366;\"><strong>Pour r\u00e9activer le lexique ou v\u00e9rifier l&rsquo;apprentissage du lexique du petit-d\u00e9jeuner, faites les activit\u00e9s suivantes:<\/strong><\/span><\/p>\n<p><a href=\"https:\/\/learningapps.org\/view4020536\" target=\"_blank\" rel=\"noopener\">ACTIVITY 1 (by M. Vandenberghe)<\/a><\/p>\n","protected":false},"excerpt":{"rendered":"<p>Pour apprendre le lexique du petit-d\u00e9jeuner, faites l&rsquo;activit\u00e9 quizlet: https:\/\/quizlet.com\/_6cw2ma Pour r\u00e9activer le lexique ou v\u00e9rifier l&rsquo;apprentissage du lexique du petit-d\u00e9jeuner, faites les activit\u00e9s suivantes: ACTIVITY 1 (by M. Vandenberghe)<\/p>\n","protected":false},"author":1,"featured_media":0,"parent":0,"menu_order":0,"comment_status":"closed","ping_status":"closed","template":"","meta":{"footnotes":""},"class_list":["post-1416","page","type-page","status-publish","hentry"],"_links":{"self":[{"href":"https:\/\/english67.fr\/index.php?rest_route=\/wp\/v2\/pages\/1416","targetHints":{"allow":["GET"]}}],"collection":[{"href":"https:\/\/english67.fr\/index.php?rest_route=\/wp\/v2\/pages"}],"about":[{"href":"https:\/\/english67.fr\/index.php?rest_route=\/wp\/v2\/types\/page"}],"author":[{"embeddable":true,"href":"https:\/\/english67.fr\/index.php?rest_route=\/wp\/v2\/users\/1"}],"replies":[{"embeddable":true,"href":"https:\/\/english67.fr\/index.php?rest_route=%2Fwp%2Fv2%2Fcomments&post=1416"}],"version-history":[{"count":3,"href":"https:\/\/english67.fr\/index.php?rest_route=\/wp\/v2\/pages\/1416\/revisions"}],"predecessor-version":[{"id":1834,"href":"https:\/\/english67.fr\/index.php?rest_route=\/wp\/v2\/pages\/1416\/revisions\/1834"}],"wp:attachment":[{"href":"https:\/\/english67.fr\/index.php?rest_route=%2Fwp%2Fv2%2Fmedia&parent=1416"}],"curies":[{"name":"wp","href":"https:\/\/api.w.org\/{rel}","templated":true}]}}