{"id":1511,"date":"2018-06-17T09:38:33","date_gmt":"2018-06-17T08:38:33","guid":{"rendered":"http:\/\/english67.fr\/?page_id=1511"},"modified":"2020-06-27T10:09:43","modified_gmt":"2020-06-27T09:09:43","slug":"comparatifs","status":"publish","type":"page","link":"https:\/\/english67.fr\/?page_id=1511","title":{"rendered":"Comparatifs"},"content":{"rendered":"<p><strong><span style=\"color: #000000;\">R\u00e8gles du comparatif de sup\u00e9riorit\u00e9 des adjectifs:<\/span><\/strong><\/p>\n<p><a href=\"http:\/\/english67.fr\/wp-content\/uploads\/2020\/06\/comparatif-r\u00e8gles.png\"><img loading=\"lazy\" decoding=\"async\" class=\"alignnone size-full wp-image-1997\" src=\"http:\/\/english67.fr\/wp-content\/uploads\/2020\/06\/comparatif-r\u00e8gles.png\" alt=\"\" width=\"762\" height=\"450\" srcset=\"https:\/\/english67.fr\/wp-content\/uploads\/2020\/06\/comparatif-r\u00e8gles.png 762w, https:\/\/english67.fr\/wp-content\/uploads\/2020\/06\/comparatif-r\u00e8gles-300x177.png 300w\" sizes=\"auto, (max-width: 762px) 100vw, 762px\" \/><\/a><\/p>\n<hr \/>\n<p><span style=\"color: #000000;\"><strong>Comparatif de sup\u00e9riorit\u00e9 des adjectifs:<\/strong><\/span><\/p>\n<p><a href=\"http:\/\/LearningApps.org\/watch?v=pvqn7k4b517\" target=\"_blank\" rel=\"noopener noreferrer\">Jeu sur le comparatif de sup\u00e9riorit\u00e9 des adjectifs<\/a><\/p>\n<p><a href=\"https:\/\/learningapps.org\/watch?v=prkrz4brn20\" target=\"_blank\" rel=\"noopener noreferrer\">Jeu sur la formation du comparatif de sup\u00e9riorit\u00e9 des adjectifs<\/a><\/p>\n<hr \/>\n<p><span style=\"color: #000000;\"><strong>M\u00e9lange de comparatifs:<\/strong><\/span><\/p>\n<p><a href=\"http:\/\/english67.fr\/?page_id=867\" target=\"_blank\" rel=\"noopener noreferrer\">Mix de comparatifs (adjectifs)<\/a><\/p>\n<hr \/>\n<p><span style=\"color: #000000;\"><strong>Comparatif d&rsquo;inf\u00e9riorit\u00e9 des noms:<br \/>\n<\/strong><\/span><\/p>\n<p><span style=\"color: #008080;\"><strong>Less ou fewer? Regardez la vid\u00e9o pour comprendre&#8230;<br \/>\n<\/strong><\/span><\/p>\n<p><iframe loading=\"lazy\" title=\"Fewer vs Less\" width=\"474\" height=\"267\" src=\"https:\/\/www.youtube.com\/embed\/mG-YoqfZhlo?feature=oembed\" frameborder=\"0\" allow=\"accelerometer; autoplay; clipboard-write; encrypted-media; gyroscope; picture-in-picture; web-share\" referrerpolicy=\"strict-origin-when-cross-origin\" allowfullscreen><\/iframe><\/p>\n<p><a href=\"https:\/\/learningapps.org\/watch?v=py0jv7td518\" target=\"_blank\" rel=\"noopener noreferrer\">Jeu: choisis entre \u00ab\u00a0less\u00a0\u00bb et \u00ab\u00a0fewer\u00a0\u00bb<\/a><\/p>\n","protected":false},"excerpt":{"rendered":"<p>R\u00e8gles du comparatif de sup\u00e9riorit\u00e9 des adjectifs: Comparatif de sup\u00e9riorit\u00e9 des adjectifs: Jeu sur le comparatif de sup\u00e9riorit\u00e9 des adjectifs Jeu sur la formation du comparatif de sup\u00e9riorit\u00e9 des adjectifs M\u00e9lange de comparatifs: Mix de comparatifs (adjectifs) Comparatif d&rsquo;inf\u00e9riorit\u00e9 des noms: Less ou fewer? Regardez la vid\u00e9o pour comprendre&#8230; Jeu: choisis entre \u00ab\u00a0less\u00a0\u00bb et \u00ab\u00a0fewer\u00a0\u00bb<\/p>\n","protected":false},"author":1,"featured_media":0,"parent":0,"menu_order":0,"comment_status":"closed","ping_status":"closed","template":"","meta":{"footnotes":""},"class_list":["post-1511","page","type-page","status-publish","hentry"],"_links":{"self":[{"href":"https:\/\/english67.fr\/index.php?rest_route=\/wp\/v2\/pages\/1511","targetHints":{"allow":["GET"]}}],"collection":[{"href":"https:\/\/english67.fr\/index.php?rest_route=\/wp\/v2\/pages"}],"about":[{"href":"https:\/\/english67.fr\/index.php?rest_route=\/wp\/v2\/types\/page"}],"author":[{"embeddable":true,"href":"https:\/\/english67.fr\/index.php?rest_route=\/wp\/v2\/users\/1"}],"replies":[{"embeddable":true,"href":"https:\/\/english67.fr\/index.php?rest_route=%2Fwp%2Fv2%2Fcomments&post=1511"}],"version-history":[{"count":9,"href":"https:\/\/english67.fr\/index.php?rest_route=\/wp\/v2\/pages\/1511\/revisions"}],"predecessor-version":[{"id":2000,"href":"https:\/\/english67.fr\/index.php?rest_route=\/wp\/v2\/pages\/1511\/revisions\/2000"}],"wp:attachment":[{"href":"https:\/\/english67.fr\/index.php?rest_route=%2Fwp%2Fv2%2Fmedia&parent=1511"}],"curies":[{"name":"wp","href":"https:\/\/api.w.org\/{rel}","templated":true}]}}