{"id":1525,"date":"2018-06-17T09:43:49","date_gmt":"2018-06-17T08:43:49","guid":{"rendered":"http:\/\/english67.fr\/?page_id=1525"},"modified":"2020-08-19T15:19:30","modified_gmt":"2020-08-19T14:19:30","slug":"superlatif","status":"publish","type":"page","link":"https:\/\/english67.fr\/?page_id=1525","title":{"rendered":"Superlatif"},"content":{"rendered":"<h1><span style=\"color: #000000;\">Le superlatif expliqu\u00e9 en vid\u00e9o:<\/span><\/h1>\n<p><iframe loading=\"lazy\" title=\"Les superlatifs en anglais\" width=\"474\" height=\"267\" src=\"https:\/\/www.youtube.com\/embed\/wSNXHoXpf9w?feature=oembed\" frameborder=\"0\" allow=\"accelerometer; autoplay; clipboard-write; encrypted-media; gyroscope; picture-in-picture; web-share\" referrerpolicy=\"strict-origin-when-cross-origin\" allowfullscreen><\/iframe><\/p>\n<hr \/>\n<p><a href=\"https:\/\/learningapps.org\/view3249429\" target=\"_blank\" rel=\"noopener noreferrer\">Australian records<\/a><\/p>\n<p><a href=\"https:\/\/learningapps.org\/view2975257\" target=\"_blank\" rel=\"noopener noreferrer\">Superlative form: world records matching game<\/a><\/p>\n<p><a href=\"https:\/\/learningapps.org\/view2975432\" target=\"_blank\" rel=\"noopener noreferrer\">Superlative quiz<\/a><\/p>\n<p><a href=\"https:\/\/learningapps.org\/view3206753\" target=\"_blank\" rel=\"noopener noreferrer\">Superlative rules (jeu sur les r\u00e8gles du superlatif)<\/a><\/p>\n<p><a href=\"https:\/\/learningapps.org\/view3176889\" target=\"_blank\" rel=\"noopener noreferrer\">Writing exercise<\/a><\/p>\n","protected":false},"excerpt":{"rendered":"<p>Le superlatif expliqu\u00e9 en vid\u00e9o: Australian records Superlative form: world records matching game Superlative quiz Superlative rules (jeu sur les r\u00e8gles du superlatif) Writing exercise<\/p>\n","protected":false},"author":1,"featured_media":0,"parent":0,"menu_order":0,"comment_status":"closed","ping_status":"closed","template":"","meta":{"footnotes":""},"class_list":["post-1525","page","type-page","status-publish","hentry"],"_links":{"self":[{"href":"https:\/\/english67.fr\/index.php?rest_route=\/wp\/v2\/pages\/1525","targetHints":{"allow":["GET"]}}],"collection":[{"href":"https:\/\/english67.fr\/index.php?rest_route=\/wp\/v2\/pages"}],"about":[{"href":"https:\/\/english67.fr\/index.php?rest_route=\/wp\/v2\/types\/page"}],"author":[{"embeddable":true,"href":"https:\/\/english67.fr\/index.php?rest_route=\/wp\/v2\/users\/1"}],"replies":[{"embeddable":true,"href":"https:\/\/english67.fr\/index.php?rest_route=%2Fwp%2Fv2%2Fcomments&post=1525"}],"version-history":[{"count":2,"href":"https:\/\/english67.fr\/index.php?rest_route=\/wp\/v2\/pages\/1525\/revisions"}],"predecessor-version":[{"id":2175,"href":"https:\/\/english67.fr\/index.php?rest_route=\/wp\/v2\/pages\/1525\/revisions\/2175"}],"wp:attachment":[{"href":"https:\/\/english67.fr\/index.php?rest_route=%2Fwp%2Fv2%2Fmedia&parent=1525"}],"curies":[{"name":"wp","href":"https:\/\/api.w.org\/{rel}","templated":true}]}}