{"id":1659,"date":"2018-12-02T11:06:04","date_gmt":"2018-12-02T10:06:04","guid":{"rendered":"http:\/\/english67.fr\/?page_id=1659"},"modified":"2018-12-02T11:30:38","modified_gmt":"2018-12-02T10:30:38","slug":"nationalities","status":"publish","type":"page","link":"https:\/\/english67.fr\/?page_id=1659","title":{"rendered":"Nationalities"},"content":{"rendered":"<p><span style=\"color: #008000;\"><strong>Entra\u00eenez-vous et m\u00e9morisez les nationalit\u00e9s avec les jeux suivants:<\/strong><\/span><\/p>\n<p><a href=\"https:\/\/learningapps.org\/view141833\" target=\"_blank\" rel=\"noopener\">GAME 1 <\/a><span style=\"color: #000000;\">(by Anne Mariacher)<\/span><\/p>\n","protected":false},"excerpt":{"rendered":"<p>Entra\u00eenez-vous et m\u00e9morisez les nationalit\u00e9s avec les jeux suivants: GAME 1 (by Anne Mariacher)<\/p>\n","protected":false},"author":1,"featured_media":1660,"parent":0,"menu_order":0,"comment_status":"closed","ping_status":"closed","template":"","meta":{"footnotes":""},"class_list":["post-1659","page","type-page","status-publish","has-post-thumbnail","hentry"],"_links":{"self":[{"href":"https:\/\/english67.fr\/index.php?rest_route=\/wp\/v2\/pages\/1659","targetHints":{"allow":["GET"]}}],"collection":[{"href":"https:\/\/english67.fr\/index.php?rest_route=\/wp\/v2\/pages"}],"about":[{"href":"https:\/\/english67.fr\/index.php?rest_route=\/wp\/v2\/types\/page"}],"author":[{"embeddable":true,"href":"https:\/\/english67.fr\/index.php?rest_route=\/wp\/v2\/users\/1"}],"replies":[{"embeddable":true,"href":"https:\/\/english67.fr\/index.php?rest_route=%2Fwp%2Fv2%2Fcomments&post=1659"}],"version-history":[{"count":3,"href":"https:\/\/english67.fr\/index.php?rest_route=\/wp\/v2\/pages\/1659\/revisions"}],"predecessor-version":[{"id":1664,"href":"https:\/\/english67.fr\/index.php?rest_route=\/wp\/v2\/pages\/1659\/revisions\/1664"}],"wp:featuredmedia":[{"embeddable":true,"href":"https:\/\/english67.fr\/index.php?rest_route=\/wp\/v2\/media\/1660"}],"wp:attachment":[{"href":"https:\/\/english67.fr\/index.php?rest_route=%2Fwp%2Fv2%2Fmedia&parent=1659"}],"curies":[{"name":"wp","href":"https:\/\/api.w.org\/{rel}","templated":true}]}}