{"id":167,"date":"2016-08-21T15:00:11","date_gmt":"2016-08-21T14:00:11","guid":{"rendered":"http:\/\/english67.fr\/?page_id=167"},"modified":"2022-08-14T15:27:36","modified_gmt":"2022-08-14T14:27:36","slug":"grammar","status":"publish","type":"page","link":"https:\/\/english67.fr\/?page_id=167","title":{"rendered":"GRAMMAIRE"},"content":{"rendered":"<p><strong><span style=\"color: #800080;\">Quelques r\u00e8gles et jeux indispensables pour comprendre et s&rsquo;exprimer en anglais&#8230;<\/span><\/strong><\/p>\n<p><strong><span style=\"color: #ff0000;\"><a style=\"color: #ff0000;\" href=\"https:\/\/english67.fr\/?page_id=2187\">Adjectifs et pronoms possessifs<\/a><\/span><\/strong><\/p>\n<hr \/>\n<p><a href=\"https:\/\/english67.fr\/?page_id=2193\"><span style=\"color: #ff0000;\"><strong>Articles (d\u00e9fini, ind\u00e9finis)<\/strong><\/span><\/a><\/p>\n<hr \/>\n<p><strong><a href=\"http:\/\/english67.fr\/?page_id=1516\"><span style=\"color: #ff0000;\">Auxiliaires modaux (can, can&rsquo;t, must, mustn&rsquo;t&#8230;)<\/span><\/a><\/strong><\/p>\n<hr \/>\n<p><span style=\"color: #ff0000;\"><strong><span style=\"color: #ff0000;\"><a style=\"color: #ff0000;\" href=\"http:\/\/english67.fr\/?page_id=1497\">Be (pr\u00e9sent)<\/a><\/span><br \/>\n<\/strong><\/span><\/p>\n<hr \/>\n<p><a href=\"http:\/\/english67.fr\/?page_id=1504\"><strong><span style=\"color: #ff0000;\">Be (pr\u00e9t\u00e9rit)<\/span><\/strong><\/a><\/p>\n<hr \/>\n<p><strong><span style=\"color: #ff0000;\"><a style=\"color: #ff0000;\" href=\"http:\/\/english67.fr\/?page_id=1511\">Comparatifs<\/a><br \/>\n<\/span><\/strong><\/p>\n<hr \/>\n<p><a href=\"http:\/\/english67.fr\/?page_id=1513\"><span style=\"color: #ff0000;\"><strong>Have got<\/strong><\/span><\/a><\/p>\n<hr \/>\n<p><strong><span style=\"color: #ff0000;\"><a style=\"color: #ff0000;\" href=\"https:\/\/english67.fr\/?page_id=2143\" target=\"_blank\" rel=\"noopener noreferrer\">Mots interrogatifs (WH- words: when, what, where, who&#8230;)<\/a><\/span><\/strong><\/p>\n<hr \/>\n<p><strong><span style=\"color: #ff0000;\"><a style=\"color: #ff0000;\" href=\"https:\/\/english67.fr\/?page_id=2161\">Passif<\/a><\/span><\/strong><\/p>\n<hr \/>\n<p><strong><span style=\"color: #ff0000;\"><a style=\"color: #ff0000;\" href=\"http:\/\/english67.fr\/?page_id=1519\">Pronoms personnels et r\u00e9fl\u00e9chis<\/a><br \/>\n<\/span><\/strong><\/p>\n<hr \/>\n<p><strong><span style=\"color: #ff0000;\"><a style=\"color: #ff0000;\" href=\"http:\/\/english67.fr\/?page_id=1523\">Quantit\u00e9s (any, some, a, an, no&#8230;)<\/a><br \/>\n<\/span><\/strong><\/p>\n<hr \/>\n<p><a href=\"http:\/\/english67.fr\/?page_id=1857\"><strong><span style=\"color: #ff0000;\">SO \/ NEITHER \/ EITHER \/ BOTH (similitudes)<\/span><\/strong><\/a><\/p>\n<hr \/>\n<p><a href=\"http:\/\/english67.fr\/?page_id=1525\"><span style=\"color: #ff0000;\"><strong>Superlatif<\/strong><\/span><\/a><\/p>\n<hr \/>\n<p><strong><span style=\"color: #ff0000;\"><a style=\"color: #ff0000;\" href=\"http:\/\/english67.fr\/?page_id=1528\">Temps (simple present, preterite, present perfect, past continuous&#8230;)<\/a><br \/>\n<\/span><\/strong><\/p>\n<hr \/>\n<p><a href=\"https:\/\/english67.fr\/?page_id=2226\"><span style=\"color: #ff0000;\"><strong>USED TO<\/strong><\/span><\/a><\/p>\n<hr \/>\n<p><strong><span style=\"color: #3366ff;\"><em>Here are other websites that can be useful too&#8230;<\/em><\/span><\/strong><\/p>\n<p><a href=\"http:\/\/www.bbc.co.uk\/worldservice\/learningenglish\/grammar\/grammar_challenge\/\" target=\"_blank\" rel=\"noopener noreferrer\">http:\/\/www.bbc.co.uk\/worldservice\/learningenglish\/grammar\/grammar_challenge\/<\/a><\/p>\n<p><a href=\"http:\/\/web2.uvcs.uvic.ca\/courses\/elc\/studyzone\/200\/grammar\/\" target=\"_blank\" rel=\"noopener noreferrer\">http:\/\/web2.uvcs.uvic.ca\/courses\/elc\/studyzone\/200\/grammar\/<\/a><\/p>\n<p><a href=\"http:\/\/web2.uvcs.uvic.ca\/courses\/elc\/studyzone\/330\/grammar\/\" target=\"_blank\" rel=\"noopener noreferrer\">http:\/\/web2.uvcs.uvic.ca\/courses\/elc\/studyzone\/330\/grammar\/<\/a><\/p>\n","protected":false},"excerpt":{"rendered":"<p>Quelques r\u00e8gles et jeux indispensables pour comprendre et s&rsquo;exprimer en anglais&#8230; Adjectifs et pronoms possessifs Articles (d\u00e9fini, ind\u00e9finis) Auxiliaires modaux (can, can&rsquo;t, must, mustn&rsquo;t&#8230;) Be (pr\u00e9sent) Be (pr\u00e9t\u00e9rit) Comparatifs Have got Mots interrogatifs (WH- words: when, what, where, who&#8230;) Passif Pronoms personnels et r\u00e9fl\u00e9chis Quantit\u00e9s (any, some, a, an, no&#8230;) SO \/ NEITHER \/ EITHER &hellip; <a href=\"https:\/\/english67.fr\/?page_id=167\" class=\"more-link\">Continuer la lecture de <span class=\"screen-reader-text\">GRAMMAIRE<\/span>  <span class=\"meta-nav\">&rarr;<\/span><\/a><\/p>\n","protected":false},"author":1,"featured_media":0,"parent":0,"menu_order":0,"comment_status":"closed","ping_status":"closed","template":"","meta":{"footnotes":""},"class_list":["post-167","page","type-page","status-publish","hentry"],"_links":{"self":[{"href":"https:\/\/english67.fr\/index.php?rest_route=\/wp\/v2\/pages\/167","targetHints":{"allow":["GET"]}}],"collection":[{"href":"https:\/\/english67.fr\/index.php?rest_route=\/wp\/v2\/pages"}],"about":[{"href":"https:\/\/english67.fr\/index.php?rest_route=\/wp\/v2\/types\/page"}],"author":[{"embeddable":true,"href":"https:\/\/english67.fr\/index.php?rest_route=\/wp\/v2\/users\/1"}],"replies":[{"embeddable":true,"href":"https:\/\/english67.fr\/index.php?rest_route=%2Fwp%2Fv2%2Fcomments&post=167"}],"version-history":[{"count":64,"href":"https:\/\/english67.fr\/index.php?rest_route=\/wp\/v2\/pages\/167\/revisions"}],"predecessor-version":[{"id":2231,"href":"https:\/\/english67.fr\/index.php?rest_route=\/wp\/v2\/pages\/167\/revisions\/2231"}],"wp:attachment":[{"href":"https:\/\/english67.fr\/index.php?rest_route=%2Fwp%2Fv2%2Fmedia&parent=167"}],"curies":[{"name":"wp","href":"https:\/\/api.w.org\/{rel}","templated":true}]}}