{"id":173,"date":"2016-08-24T09:29:43","date_gmt":"2016-08-24T08:29:43","guid":{"rendered":"http:\/\/english67.fr\/?page_id=173"},"modified":"2016-11-27T14:20:32","modified_gmt":"2016-11-27T13:20:32","slug":"simple-present","status":"publish","type":"page","link":"https:\/\/english67.fr\/?page_id=173","title":{"rendered":"Simple present"},"content":{"rendered":"<p style=\"text-align: justify;\">Avant les r\u00e8gles d\u00e9taill\u00e9es, quelques vid\u00e9os sur la formation du pr\u00e9sent simple:<\/p>\n<p>https:\/\/www.youtube.com\/watch?v=OrzO-3oy7qE<\/p>\n<p style=\"text-align: justify;\"><span style=\"text-decoration: underline;\"><strong>Forme affirmative:<\/strong><\/span><\/p>\n<p><iframe loading=\"lazy\" title=\"Le pr\u00e9sent simple en anglais (forme affirmative)\" width=\"474\" height=\"267\" src=\"https:\/\/www.youtube.com\/embed\/pmicB-pIaKA?feature=oembed\" frameborder=\"0\" allow=\"accelerometer; autoplay; clipboard-write; encrypted-media; gyroscope; picture-in-picture; web-share\" referrerpolicy=\"strict-origin-when-cross-origin\" allowfullscreen><\/iframe><\/p>\n<p><span style=\"text-decoration: underline;\"><strong>Forme n\u00e9gative:<\/strong><\/span><\/p>\n<p><iframe loading=\"lazy\" title=\"Pr\u00e9sent simple n\u00e9gatif\" width=\"474\" height=\"267\" src=\"https:\/\/www.youtube.com\/embed\/3NWjZOh_vlA?feature=oembed\" frameborder=\"0\" allow=\"accelerometer; autoplay; clipboard-write; encrypted-media; gyroscope; picture-in-picture; web-share\" referrerpolicy=\"strict-origin-when-cross-origin\" allowfullscreen><\/iframe><\/p>\n<p><span style=\"text-decoration: underline;\"><strong>Forme interrogative:<\/strong><\/span><\/p>\n<p><iframe loading=\"lazy\" title=\"Pr\u00e9sent simple interrogatif\" width=\"474\" height=\"267\" src=\"https:\/\/www.youtube.com\/embed\/s8Tu7vxpc74?feature=oembed\" frameborder=\"0\" allow=\"accelerometer; autoplay; clipboard-write; encrypted-media; gyroscope; picture-in-picture; web-share\" referrerpolicy=\"strict-origin-when-cross-origin\" allowfullscreen><\/iframe><\/p>\n<p style=\"text-align: justify;\"><strong><u><span style=\"color: #ff0000;\">Les r\u00e8gles du \u00ab\u00a0SIMPLE PRESENT\u00a0\u00bb ou \u00ab\u00a0pr\u00e9sent simple\u00a0\u00bb<\/span><br \/>\n<\/u><\/strong><\/p>\n<ul style=\"text-align: justify;\">\n<li><span style=\"color: #ff00ff;\"><strong><u>On utilise le pr\u00e9sent simple pour parler d<\/u><span style=\"text-decoration: underline;\">e notre <\/span><\/strong><\/span><span style=\"color: #ff00ff;\"><strong><span style=\"text-decoration: underline;\">routine<\/span><u> quotidienne et de nos habitudes.<\/u><\/strong><\/span><u><\/u><\/li>\n<\/ul>\n<p style=\"text-align: justify;\"><span style=\"color: #008080;\">I have dinner at 7 pm. (= Je d\u00eene <span style=\"text-decoration: underline;\">tous les jours<\/span> \u00e0 19h)<\/span><\/p>\n<p style=\"text-align: justify;\"><span style=\"color: #008080;\">I watch TV on Saturdays. (= Je regarde la t\u00e9l\u00e9 <span style=\"text-decoration: underline;\">tous les samedis<\/span>)<\/span><\/p>\n<ul>\n<li><strong><u><span style=\"color: #ff00ff;\">Comment forme-t-on le pr\u00e9sent simple?<\/span><\/u><\/strong><u><\/u><\/li>\n<\/ul>\n<p>Ces exemples excluent les auxiliaires BE et HAVE GOT.<\/p>\n<p><span style=\"color: #0000ff;\"><strong><em><u>AFFIRMATIONS<\/u><\/em><\/strong><\/span><\/p>\n<p><span style=\"text-decoration: underline; color: #ff6600;\"><strong>A toutes les personnes sauf la 3e personne du singulier:<\/strong><\/span><\/p>\n<p><span style=\"color: #ff0000;\"><strong>I \/ YOU \/ WE \/ THEY + BV (bas verbale: le verbe sans ajout)<\/strong><\/span><\/p>\n<p><span style=\"color: #339966;\"><span style=\"color: #008080;\">I play (=BV) tennis every day. (= Je joue au tennis chaque jour.)<\/span><\/span><\/p>\n<p>&nbsp;<\/p>\n<p><span style=\"text-decoration: underline; color: #ff6600;\"><strong>3e personne du singulier:<\/strong><\/span><\/p>\n<p><span style=\"color: #ff0000;\"><strong>HE \/ SHE \/ IT + BV + \u00ab\u00a0s\u00a0\u00bb ou \u00ab\u00a0es\u00a0\u00bb<\/strong><\/span><\/p>\n<p><span style=\"color: #008080;\">She <span style=\"text-decoration: underline;\"><strong>PLAYS<\/strong> <\/span>tennis every day.(= Elle joue au tennis chaque jour.)<br \/>\n<\/span><\/p>\n<p><span style=\"color: #008080;\">John <strong><u>WASHES\u00a0 <\/u><\/strong>his car on Sundays. (=John lave sa voiture le dimanche.)<br \/>\n<\/span><\/p>\n<p>&nbsp;<\/p>\n<p><span style=\"color: #0000ff;\"><strong><em><u>NEGATIONS<\/u><\/em><\/strong><\/span><\/p>\n<p><span style=\"text-decoration: underline; color: #ff6600;\"><strong>A toutes les personnes sauf la 3e personne du singulier:<\/strong><\/span><\/p>\n<p><span style=\"color: #ff0000;\"><strong>I \/ YOU \/ WE \/ THEY\u00a0\u00a0\u00a0\u00a0 DON&rsquo;T + BV<\/strong><\/span><\/p>\n<p><span style=\"color: #008080;\">They <strong>DON&rsquo;T<\/strong> live in France. (= Ils n&rsquo;habitent pas en France.)<\/span><\/p>\n<p>&nbsp;<\/p>\n<p><span style=\"text-decoration: underline; color: #ff6600;\"><strong>3e personne du singulier:<\/strong><\/span><\/p>\n<p><strong><span style=\"color: #ff0000;\">HE \/ SHE \/ IT + BV\u00a0\u00a0\u00a0\u00a0\u00a0\u00a0 DOESN&rsquo;T + BV<\/span><br \/>\n<\/strong><\/p>\n<p><span style=\"color: #008080;\">She <strong>DOESN&rsquo;T<\/strong> play tennis. (Elle ne joue pas au tennis.)<br \/>\n<\/span><\/p>\n<p>&nbsp;<\/p>\n<p><span style=\"color: #0000ff;\"><strong><em><u>QUESTIONS AVEC MOT INTERROGATIF<br \/>\n<\/u><\/em><\/strong><\/span><\/p>\n<p><span style=\"text-decoration: underline; color: #ff6600;\"><strong>A toutes les personnes sauf la 3e personne du singulier:<\/strong><\/span><\/p>\n<p><span style=\"color: #ff0000;\"><strong>WH- + DO + S + BV?<\/strong><\/span><\/p>\n<p><em>WH- = \u00a0mot interrogatif (who, where, when, what, how&#8230; )<\/em><\/p>\n<p><em>S\u00a0= Subject<\/em><\/p>\n<p><span style=\"color: #008080;\">Where do you live? (= O\u00f9 habites-tu?)<\/span><\/p>\n<p>&nbsp;<\/p>\n<p><span style=\"text-decoration: underline; color: #ff6600;\"><strong>3e personne du singulier:<\/strong><\/span><\/p>\n<p><span style=\"color: #ff0000;\"><strong>WH- + DOES + S + BV?<\/strong><\/span><\/p>\n<p><span style=\"color: #008080;\">Where does he live? (= O\u00f9 habite-t-il?)<\/span><\/p>\n<p><strong><em>Do <\/em><\/strong><em>you play tennis\u00a0? (r\u00e9ponse attendue\u00a0: Yes \/ No)<\/em><\/p>\n<p>&nbsp;<\/p>\n<p><span style=\"color: #0000ff;\"><strong><em><u>YES-NO QUESTIONS<br \/>\n<\/u><\/em><\/strong><\/span><\/p>\n<p><span style=\"text-decoration: underline; color: #ff6600;\"><strong>A toutes les personnes sauf la 3e personne du singulier:<\/strong><\/span><\/p>\n<p><span style=\"color: #ff0000;\"><strong>DO + S + BV?<\/strong><\/span><\/p>\n<p><span style=\"color: #008080;\">Do you play the piano? (= Est-ce que tu joues du piano?)<\/span><strong><br \/>\n<\/strong><\/p>\n<p><em>On attend une r\u00e9ponse \u00ab\u00a0oui\u00a0\u00bb ou \u00ab\u00a0non\u00a0\u00bb.<\/em><\/p>\n<p>&nbsp;<\/p>\n<p><span style=\"text-decoration: underline; color: #ff6600;\"><strong>3e personne du singulier:<\/strong><\/span><\/p>\n<p><span style=\"color: #ff0000;\"><strong>DOES + S + BV?<\/strong><\/span><\/p>\n<p><span style=\"color: #008080;\">Does Paul dance? (= Est-ce que Paul danse?)<\/span><\/p>\n<p>&nbsp;<\/p>\n<ul>\n<li><span style=\"color: #ff00ff;\"><strong>On utilise \u00e9galement le pr\u00e9sent simple avec des adverbes de fr\u00e9quence, tels que:<\/strong><\/span><\/li>\n<\/ul>\n<p><span style=\"color: #008080;\">ALWAYS (toujours)\u00a0 &gt; OFTEN (souvent) &gt; USUALLY \/ GENERALLY (g\u00e9n\u00e9ralement) &gt; SOMETIMES (parfois)\u00a0 &gt; RARELY \/ SELDOM (rarement) &gt; NEVER (jamais)<\/span><\/p>\n<p>&nbsp;<\/p>\n<p><em><span style=\"text-decoration: underline;\"><strong><span style=\"color: #0000ff; text-decoration: underline;\">LA POSITION DE L&rsquo;ADVERBE DE FREQUENCE<\/span><\/strong><\/span><\/em><\/p>\n<p><span style=\"color: #ff0000;\"><strong>S + ADVERBE + V<\/strong><\/span><\/p>\n<p><span style=\"color: #008080;\">I always have coffee for breakfast. (= Je prends toujours du caf\u00e9 au petit-d\u00e9jeuner.)<\/span><\/p>\n<p><strong><span style=\"color: #ff0000;\">Exception avec BE:\u00a0\u00a0\u00a0\u00a0\u00a0\u00a0 S + BE conjugu\u00e9 + ADVERBE<\/span><\/strong><\/p>\n<p><span style=\"color: #008080;\">\u00a0I am often happy. (= Je suis souvent heureux).<\/span><strong><br \/>\n<\/strong><\/p>\n<p>&nbsp;<\/p>\n<p>&nbsp;<\/p>\n","protected":false},"excerpt":{"rendered":"<p>Avant les r\u00e8gles d\u00e9taill\u00e9es, quelques vid\u00e9os sur la formation du pr\u00e9sent simple: https:\/\/www.youtube.com\/watch?v=OrzO-3oy7qE Forme affirmative: Forme n\u00e9gative: Forme interrogative: Les r\u00e8gles du \u00ab\u00a0SIMPLE PRESENT\u00a0\u00bb ou \u00ab\u00a0pr\u00e9sent simple\u00a0\u00bb On utilise le pr\u00e9sent simple pour parler de notre routine quotidienne et de nos habitudes. I have dinner at 7 pm. (= Je d\u00eene tous les jours \u00e0 &hellip; <a href=\"https:\/\/english67.fr\/?page_id=173\" class=\"more-link\">Continuer la lecture de <span class=\"screen-reader-text\">Simple present<\/span>  <span class=\"meta-nav\">&rarr;<\/span><\/a><\/p>\n","protected":false},"author":1,"featured_media":0,"parent":0,"menu_order":0,"comment_status":"closed","ping_status":"closed","template":"","meta":{"footnotes":""},"class_list":["post-173","page","type-page","status-publish","hentry"],"_links":{"self":[{"href":"https:\/\/english67.fr\/index.php?rest_route=\/wp\/v2\/pages\/173","targetHints":{"allow":["GET"]}}],"collection":[{"href":"https:\/\/english67.fr\/index.php?rest_route=\/wp\/v2\/pages"}],"about":[{"href":"https:\/\/english67.fr\/index.php?rest_route=\/wp\/v2\/types\/page"}],"author":[{"embeddable":true,"href":"https:\/\/english67.fr\/index.php?rest_route=\/wp\/v2\/users\/1"}],"replies":[{"embeddable":true,"href":"https:\/\/english67.fr\/index.php?rest_route=%2Fwp%2Fv2%2Fcomments&post=173"}],"version-history":[{"count":5,"href":"https:\/\/english67.fr\/index.php?rest_route=\/wp\/v2\/pages\/173\/revisions"}],"predecessor-version":[{"id":624,"href":"https:\/\/english67.fr\/index.php?rest_route=\/wp\/v2\/pages\/173\/revisions\/624"}],"wp:attachment":[{"href":"https:\/\/english67.fr\/index.php?rest_route=%2Fwp%2Fv2%2Fmedia&parent=173"}],"curies":[{"name":"wp","href":"https:\/\/api.w.org\/{rel}","templated":true}]}}