{"id":184,"date":"2016-08-24T12:51:27","date_gmt":"2016-08-24T11:51:27","guid":{"rendered":"http:\/\/english67.fr\/?page_id=184"},"modified":"2020-09-27T12:17:48","modified_gmt":"2020-09-27T11:17:48","slug":"numbers","status":"publish","type":"page","link":"https:\/\/english67.fr\/?page_id=184","title":{"rendered":"Numbers"},"content":{"rendered":"<h1><span style=\"color: #ff00ff;\">Voici le tuto de Huito pour apprendre \u00e0 prononcer et \u00e0 retenir correctement les nombres:<\/span><\/h1>\n<p><iframe loading=\"lazy\" title=\"Apprendre l&#039;anglais avec Huito # 3: Les nombres\" width=\"474\" height=\"267\" src=\"https:\/\/www.youtube.com\/embed\/-R6ui8zxG5k?feature=oembed\" frameborder=\"0\" allow=\"accelerometer; autoplay; clipboard-write; encrypted-media; gyroscope; picture-in-picture; web-share\" referrerpolicy=\"strict-origin-when-cross-origin\" allowfullscreen><\/iframe><\/p>\n<hr \/>\n<h1><strong><span style=\"color: #ff00ff;\">Ecrire les nombres:<br \/>\n<\/span><\/strong><\/h1>\n<p><a href=\"http:\/\/english67.fr\/wp-content\/uploads\/2016\/08\/numbers.png\"><img loading=\"lazy\" decoding=\"async\" class=\"alignnone wp-image-185\" src=\"http:\/\/english67.fr\/wp-content\/uploads\/2016\/08\/numbers.png\" alt=\"numbers\" width=\"688\" height=\"980\" srcset=\"https:\/\/english67.fr\/wp-content\/uploads\/2016\/08\/numbers.png 715w, https:\/\/english67.fr\/wp-content\/uploads\/2016\/08\/numbers-211x300.png 211w\" sizes=\"auto, (max-width: 688px) 100vw, 688px\" \/><\/a><\/p>\n<hr \/>\n<h1><span style=\"color: #ff00ff;\">JEUX et CHANSONS<\/span><\/h1>\n<p><span style=\"color: #000000;\"><strong>Voici des liens pour apprendre et m\u00e9moriser l&rsquo;orthographe de quelques nombres:<\/strong><\/span><\/p>\n<p><a href=\"https:\/\/fr.educaplay.com\/fr\/activiteeducatives\/2486612\/numbers.htm\" target=\"_blank\" rel=\"noopener noreferrer\">https:\/\/fr.educaplay.com\/fr\/activiteeducatives\/2486612\/numbers.htm<\/a><\/p>\n<p><a href=\"https:\/\/www.liveworksheets.com\/qc19662mp\" target=\"_blank\" rel=\"noopener noreferrer\">M\u00e9moriser l&rsquo;orthographe des noms de 1 \u00e0 10<\/a><\/p>\n<p><a href=\"https:\/\/quizlet.com\/_2l6sbm\" target=\"_blank\" rel=\"noopener noreferrer\">Apprendre les nombres<\/a><\/p>\n<p><a href=\"http:\/\/learningapps.org\/view2591175\" target=\"_blank\" rel=\"noopener noreferrer\">Jeux sur les nombres<\/a><\/p>\n<p><a href=\"http:\/\/ticenogood.info\/english\/numbers_1_10\/SCO_0001\/default.htm\" target=\"_blank\" rel=\"noopener noreferrer\">Jeux sur les nombres de 1 \u00e0 10<\/a><\/p>\n<p><a href=\"http:\/\/ticenogood.info\/english\/numbers-11-19\/SCO_0001\/default.htm\" target=\"_blank\" rel=\"noopener noreferrer\">Jeux sur les nombres de 11 \u00e0 19<\/a><\/p>\n<p><a href=\"https:\/\/www.liveworksheets.com\/dh301891uv\" target=\"_blank\" rel=\"noopener noreferrer\">Comprendre \u00e0 l&rsquo;oral des nombres entre 100 et 1000<\/a><\/p>\n<p><span style=\"color: #000000;\"><strong>Quelques chansons sur les nombres de 1 \u00e0 10:<\/strong><\/span><\/p>\n<p><iframe loading=\"lazy\" title=\"Learn Numbers &amp; Counting 1-10 by GenkiEnglish.com\" width=\"474\" height=\"267\" src=\"https:\/\/www.youtube.com\/embed\/olBlYFX1HP0?feature=oembed\" frameborder=\"0\" allow=\"accelerometer; autoplay; clipboard-write; encrypted-media; gyroscope; picture-in-picture; web-share\" referrerpolicy=\"strict-origin-when-cross-origin\" allowfullscreen><\/iframe><\/p>\n<p><iframe loading=\"lazy\" title=\"Number Words Rap (a song for spelling number words)\" width=\"474\" height=\"267\" src=\"https:\/\/www.youtube.com\/embed\/SzfFzJGwwZQ?feature=oembed\" frameborder=\"0\" allow=\"accelerometer; autoplay; clipboard-write; encrypted-media; gyroscope; picture-in-picture; web-share\" referrerpolicy=\"strict-origin-when-cross-origin\" allowfullscreen><\/iframe><\/p>\n<hr \/>\n<p><span style=\"color: #000000;\"><strong>Voici un autre<\/strong><\/span><a href=\"https:\/\/learnenglishkids.britishcouncil.org\/fr\/category\/topics\/numbers\" target=\"_blank\" rel=\"noopener noreferrer\"> site<\/a> <span style=\"color: #000000;\"><strong>avec plein de liens de jeux sur les nombres!<\/strong><\/span><\/p>\n","protected":false},"excerpt":{"rendered":"<p>Voici le tuto de Huito pour apprendre \u00e0 prononcer et \u00e0 retenir correctement les nombres: Ecrire les nombres: JEUX et CHANSONS Voici des liens pour apprendre et m\u00e9moriser l&rsquo;orthographe de quelques nombres: https:\/\/fr.educaplay.com\/fr\/activiteeducatives\/2486612\/numbers.htm M\u00e9moriser l&rsquo;orthographe des noms de 1 \u00e0 10 Apprendre les nombres Jeux sur les nombres Jeux sur les nombres de 1 \u00e0 &hellip; <a href=\"https:\/\/english67.fr\/?page_id=184\" class=\"more-link\">Continuer la lecture de <span class=\"screen-reader-text\">Numbers<\/span>  <span class=\"meta-nav\">&rarr;<\/span><\/a><\/p>\n","protected":false},"author":1,"featured_media":222,"parent":0,"menu_order":0,"comment_status":"closed","ping_status":"closed","template":"","meta":{"footnotes":""},"class_list":["post-184","page","type-page","status-publish","has-post-thumbnail","hentry"],"_links":{"self":[{"href":"https:\/\/english67.fr\/index.php?rest_route=\/wp\/v2\/pages\/184","targetHints":{"allow":["GET"]}}],"collection":[{"href":"https:\/\/english67.fr\/index.php?rest_route=\/wp\/v2\/pages"}],"about":[{"href":"https:\/\/english67.fr\/index.php?rest_route=\/wp\/v2\/types\/page"}],"author":[{"embeddable":true,"href":"https:\/\/english67.fr\/index.php?rest_route=\/wp\/v2\/users\/1"}],"replies":[{"embeddable":true,"href":"https:\/\/english67.fr\/index.php?rest_route=%2Fwp%2Fv2%2Fcomments&post=184"}],"version-history":[{"count":21,"href":"https:\/\/english67.fr\/index.php?rest_route=\/wp\/v2\/pages\/184\/revisions"}],"predecessor-version":[{"id":2265,"href":"https:\/\/english67.fr\/index.php?rest_route=\/wp\/v2\/pages\/184\/revisions\/2265"}],"wp:featuredmedia":[{"embeddable":true,"href":"https:\/\/english67.fr\/index.php?rest_route=\/wp\/v2\/media\/222"}],"wp:attachment":[{"href":"https:\/\/english67.fr\/index.php?rest_route=%2Fwp%2Fv2%2Fmedia&parent=184"}],"curies":[{"name":"wp","href":"https:\/\/api.w.org\/{rel}","templated":true}]}}