{"id":2,"date":"2016-08-14T08:25:32","date_gmt":"2016-08-14T08:25:32","guid":{"rendered":"http:\/\/english67.fr\/?page_id=2"},"modified":"2022-08-15T15:53:29","modified_gmt":"2022-08-15T14:53:29","slug":"sample-page","status":"publish","type":"page","link":"https:\/\/english67.fr\/","title":{"rendered":"LET&rsquo;S HAVE FUN IN ENGLISH!"},"content":{"rendered":"\n<p><\/p>\n\n\n\n<p class=\"has-light-gray-background-color has-background has-medium-font-size\"><strong>Hello everybody!<\/strong><\/p>\n\n\n\n<p class=\"has-medium-font-size\">Envie de r\u00e9viser l&rsquo;anglais en s&rsquo;amusant ?<\/p>\n\n\n\n<p class=\"has-medium-font-size\">N&rsquo;h\u00e9sitez pas \u00e0 fouiller sur le site pour trouver des vid\u00e9os ou des jeux pour vous perfectionner dans la langue anglaise.<\/p>\n\n\n\n<p class=\"has-medium-font-size\">Ready? Steady? Go!<\/p>\n","protected":false},"excerpt":{"rendered":"<p>Hello everybody! Envie de r\u00e9viser l&rsquo;anglais en s&rsquo;amusant ? N&rsquo;h\u00e9sitez pas \u00e0 fouiller sur le site pour trouver des vid\u00e9os ou des jeux pour vous perfectionner dans la langue anglaise. Ready? Steady? Go!<\/p>\n","protected":false},"author":1,"featured_media":0,"parent":0,"menu_order":1,"comment_status":"closed","ping_status":"open","template":"page-templates\/full-width.php","meta":{"footnotes":""},"class_list":["post-2","page","type-page","status-publish","hentry"],"_links":{"self":[{"href":"https:\/\/english67.fr\/index.php?rest_route=\/wp\/v2\/pages\/2","targetHints":{"allow":["GET"]}}],"collection":[{"href":"https:\/\/english67.fr\/index.php?rest_route=\/wp\/v2\/pages"}],"about":[{"href":"https:\/\/english67.fr\/index.php?rest_route=\/wp\/v2\/types\/page"}],"author":[{"embeddable":true,"href":"https:\/\/english67.fr\/index.php?rest_route=\/wp\/v2\/users\/1"}],"replies":[{"embeddable":true,"href":"https:\/\/english67.fr\/index.php?rest_route=%2Fwp%2Fv2%2Fcomments&post=2"}],"version-history":[{"count":43,"href":"https:\/\/english67.fr\/index.php?rest_route=\/wp\/v2\/pages\/2\/revisions"}],"predecessor-version":[{"id":2508,"href":"https:\/\/english67.fr\/index.php?rest_route=\/wp\/v2\/pages\/2\/revisions\/2508"}],"wp:attachment":[{"href":"https:\/\/english67.fr\/index.php?rest_route=%2Fwp%2Fv2%2Fmedia&parent=2"}],"curies":[{"name":"wp","href":"https:\/\/api.w.org\/{rel}","templated":true}]}}