{"id":253,"date":"2016-08-29T12:53:59","date_gmt":"2016-08-29T11:53:59","guid":{"rendered":"http:\/\/english67.fr\/?page_id=253"},"modified":"2020-08-19T15:55:55","modified_gmt":"2020-08-19T14:55:55","slug":"present-continuous","status":"publish","type":"page","link":"https:\/\/english67.fr\/?page_id=253","title":{"rendered":"Present continuous"},"content":{"rendered":"<h1><strong>Voici une petite vid\u00e9o simple sur le pr\u00e9sent continu en anglais:<\/strong><\/h1>\n<p><iframe loading=\"lazy\" title=\"Comment utiliser le pr\u00e9sent continu en anglais?\" width=\"474\" height=\"356\" src=\"https:\/\/www.youtube.com\/embed\/_u40VkmbJWU?feature=oembed\" frameborder=\"0\" allow=\"accelerometer; autoplay; clipboard-write; encrypted-media; gyroscope; picture-in-picture; web-share\" referrerpolicy=\"strict-origin-when-cross-origin\" allowfullscreen><\/iframe><\/p>\n<p><a href=\"http:\/\/LearningApps.org\/view1667117\" target=\"_blank\" rel=\"noopener noreferrer\">Game 1: listening comprehension<\/a><\/p>\n<p><a href=\"http:\/\/LearningApps.org\/view1283450\" target=\"_blank\" rel=\"noopener noreferrer\">Game 2: writing<\/a><\/p>\n<hr \/>\n\n\n<h2 class=\"wp-block-heading\">Pr\u00e9sent simple ou pr\u00e9sent continu?<\/h2>\n\n\n\n<figure class=\"wp-block-embed-youtube wp-block-embed is-type-video is-provider-youtube wp-embed-aspect-16-9 wp-has-aspect-ratio\"><div class=\"wp-block-embed__wrapper\">\n<iframe loading=\"lazy\" title=\"Apprendre l&#039;anglais avec Huito #18 Pr\u00e9sent simple et Pr\u00e9sent Be+ING\" width=\"474\" height=\"267\" src=\"https:\/\/www.youtube.com\/embed\/TgiQDPrpd_c?feature=oembed\" frameborder=\"0\" allow=\"accelerometer; autoplay; clipboard-write; encrypted-media; gyroscope; picture-in-picture; web-share\" referrerpolicy=\"strict-origin-when-cross-origin\" allowfullscreen><\/iframe>\n<\/div><\/figure>\n","protected":false},"excerpt":{"rendered":"<p>Voici une petite vid\u00e9o simple sur le pr\u00e9sent continu en anglais: Game 1: listening comprehension Game 2: writing Pr\u00e9sent simple ou pr\u00e9sent continu?<\/p>\n","protected":false},"author":1,"featured_media":0,"parent":0,"menu_order":0,"comment_status":"closed","ping_status":"closed","template":"","meta":{"footnotes":""},"class_list":["post-253","page","type-page","status-publish","hentry"],"_links":{"self":[{"href":"https:\/\/english67.fr\/index.php?rest_route=\/wp\/v2\/pages\/253","targetHints":{"allow":["GET"]}}],"collection":[{"href":"https:\/\/english67.fr\/index.php?rest_route=\/wp\/v2\/pages"}],"about":[{"href":"https:\/\/english67.fr\/index.php?rest_route=\/wp\/v2\/types\/page"}],"author":[{"embeddable":true,"href":"https:\/\/english67.fr\/index.php?rest_route=\/wp\/v2\/users\/1"}],"replies":[{"embeddable":true,"href":"https:\/\/english67.fr\/index.php?rest_route=%2Fwp%2Fv2%2Fcomments&post=253"}],"version-history":[{"count":5,"href":"https:\/\/english67.fr\/index.php?rest_route=\/wp\/v2\/pages\/253\/revisions"}],"predecessor-version":[{"id":2214,"href":"https:\/\/english67.fr\/index.php?rest_route=\/wp\/v2\/pages\/253\/revisions\/2214"}],"wp:attachment":[{"href":"https:\/\/english67.fr\/index.php?rest_route=%2Fwp%2Fv2%2Fmedia&parent=253"}],"curies":[{"name":"wp","href":"https:\/\/api.w.org\/{rel}","templated":true}]}}