{"id":258,"date":"2016-08-29T13:29:59","date_gmt":"2016-08-29T12:29:59","guid":{"rendered":"http:\/\/english67.fr\/?page_id=258"},"modified":"2020-08-17T11:16:15","modified_gmt":"2020-08-17T10:16:15","slug":"simple-past-preterite","status":"publish","type":"page","link":"https:\/\/english67.fr\/?page_id=258","title":{"rendered":"Simple past \/ Preterite"},"content":{"rendered":"<h1><span style=\"color: #000000;\"><strong>Vid\u00e9os sur la formation du pr\u00e9t\u00e9rit:<\/strong><\/span><\/h1>\n<p><a href=\"https:\/\/english67.fr\/wp-content\/uploads\/2020\/08\/Preterit.avi\">Pr\u00e9t\u00e9rit<\/a><\/p>\n<p><iframe loading=\"lazy\" title=\"Capsule: le pr\u00e9t\u00e9rit en anglais\" width=\"474\" height=\"267\" src=\"https:\/\/www.youtube.com\/embed\/ni2DAVDeiaI?feature=oembed\" frameborder=\"0\" allow=\"accelerometer; autoplay; clipboard-write; encrypted-media; gyroscope; picture-in-picture; web-share\" referrerpolicy=\"strict-origin-when-cross-origin\" allowfullscreen><\/iframe><\/p>\n<p><iframe loading=\"lazy\" title=\"Apprendre l&#039;anglais avec Huito: Le pr\u00e9t\u00e9rit\" width=\"474\" height=\"267\" src=\"https:\/\/www.youtube.com\/embed\/MLbM1yJwvnw?feature=oembed\" frameborder=\"0\" allow=\"accelerometer; autoplay; clipboard-write; encrypted-media; gyroscope; picture-in-picture; web-share\" referrerpolicy=\"strict-origin-when-cross-origin\" allowfullscreen><\/iframe><\/p>\n<p><a href=\"https:\/\/www.youtube.com\/watch?v=gNaDvAYC0Jw\" target=\"_blank\" rel=\"noopener noreferrer\">https:\/\/www.youtube.com\/watch?v=gNaDvAYC0Jw<\/a><\/p>\n<hr \/>\n<h1><span style=\"color: #000000;\">Plus de \/ed\/, comment prononcer ces -ed?<\/span><\/h1>\n<p><iframe loading=\"lazy\" title=\"Apprendre l&#039;anglais avec Huito: prononcer la terminaison ed\" width=\"474\" height=\"267\" src=\"https:\/\/www.youtube.com\/embed\/VdMPD_msaVY?feature=oembed\" frameborder=\"0\" allow=\"accelerometer; autoplay; clipboard-write; encrypted-media; gyroscope; picture-in-picture; web-share\" referrerpolicy=\"strict-origin-when-cross-origin\" allowfullscreen><\/iframe><\/p>\n<hr \/>\n<h1><span style=\"text-decoration: underline; color: #000000;\"><strong><span>Sinon vous pouvez toujours faire ces petits jeux&#8230;<\/span><\/strong><\/span><\/h1>\n<p><a href=\"https:\/\/quizlet.com\/228108138\/verbes-irreguliers-flash-cards\/\" target=\"_blank\" rel=\"noopener noreferrer\">Apprendre les verbes irr\u00e9guliers avec l&rsquo;appli quizlet<\/a> <span style=\"color: #000000;\">(by Celine17g)<\/span><\/p>\n<p><a href=\"http:\/\/LearningApps.org\/view2520960\">Irregular verbs games<\/a><\/p>\n<p><a href=\"http:\/\/rv.humbert.chez-alice.fr\/java\/snakesandladders\/vbirreg3e\/vbirreg3e.htm\" target=\"_blank\" rel=\"noopener noreferrer\">Snakes and Ladders<\/a><\/p>\n<p><a href=\"http:\/\/verbs.thebigchallenge.com\/\" target=\"_blank\" rel=\"noopener noreferrer\">http:\/\/verbs.thebigchallenge.com\/<\/a><\/p>\n<hr \/>\n<h1>Voici les tutos de Huito sur les verbes irr\u00e9guliers&#8230;<\/h1>\n<p><iframe loading=\"lazy\" title=\"Apprendre l&#039;anglais avec Huito: Les verbes irr\u00e9guliers (partie1)\" width=\"474\" height=\"267\" src=\"https:\/\/www.youtube.com\/embed\/k83GXgd5Hxg?feature=oembed\" frameborder=\"0\" allow=\"accelerometer; autoplay; clipboard-write; encrypted-media; gyroscope; picture-in-picture; web-share\" referrerpolicy=\"strict-origin-when-cross-origin\" allowfullscreen><\/iframe><\/p>\n\n\n<figure class=\"wp-block-embed-youtube wp-block-embed is-type-video is-provider-youtube wp-embed-aspect-16-9 wp-has-aspect-ratio\"><div class=\"wp-block-embed__wrapper\">\n<iframe loading=\"lazy\" title=\"Les verbes irr\u00e9guliers (partie 2)\" width=\"474\" height=\"267\" src=\"https:\/\/www.youtube.com\/embed\/eJqOlFycP2c?feature=oembed\" frameborder=\"0\" allow=\"accelerometer; autoplay; clipboard-write; encrypted-media; gyroscope; picture-in-picture; web-share\" referrerpolicy=\"strict-origin-when-cross-origin\" allowfullscreen><\/iframe>\n<\/div><\/figure>\n","protected":false},"excerpt":{"rendered":"<p>Vid\u00e9os sur la formation du pr\u00e9t\u00e9rit: Pr\u00e9t\u00e9rit https:\/\/www.youtube.com\/watch?v=gNaDvAYC0Jw Plus de \/ed\/, comment prononcer ces -ed? Sinon vous pouvez toujours faire ces petits jeux&#8230; Apprendre les verbes irr\u00e9guliers avec l&rsquo;appli quizlet (by Celine17g) Irregular verbs games Snakes and Ladders http:\/\/verbs.thebigchallenge.com\/ Voici les tutos de Huito sur les verbes irr\u00e9guliers&#8230;<\/p>\n","protected":false},"author":1,"featured_media":0,"parent":0,"menu_order":0,"comment_status":"closed","ping_status":"closed","template":"","meta":{"footnotes":""},"class_list":["post-258","page","type-page","status-publish","hentry"],"_links":{"self":[{"href":"https:\/\/english67.fr\/index.php?rest_route=\/wp\/v2\/pages\/258","targetHints":{"allow":["GET"]}}],"collection":[{"href":"https:\/\/english67.fr\/index.php?rest_route=\/wp\/v2\/pages"}],"about":[{"href":"https:\/\/english67.fr\/index.php?rest_route=\/wp\/v2\/types\/page"}],"author":[{"embeddable":true,"href":"https:\/\/english67.fr\/index.php?rest_route=\/wp\/v2\/users\/1"}],"replies":[{"embeddable":true,"href":"https:\/\/english67.fr\/index.php?rest_route=%2Fwp%2Fv2%2Fcomments&post=258"}],"version-history":[{"count":12,"href":"https:\/\/english67.fr\/index.php?rest_route=\/wp\/v2\/pages\/258\/revisions"}],"predecessor-version":[{"id":2168,"href":"https:\/\/english67.fr\/index.php?rest_route=\/wp\/v2\/pages\/258\/revisions\/2168"}],"wp:attachment":[{"href":"https:\/\/english67.fr\/index.php?rest_route=%2Fwp%2Fv2%2Fmedia&parent=258"}],"curies":[{"name":"wp","href":"https:\/\/api.w.org\/{rel}","templated":true}]}}