{"id":312,"date":"2016-09-02T07:57:22","date_gmt":"2016-09-02T06:57:22","guid":{"rendered":"http:\/\/english67.fr\/?page_id=312"},"modified":"2020-07-05T15:06:24","modified_gmt":"2020-07-05T14:06:24","slug":"classroom-english","status":"publish","type":"page","link":"https:\/\/english67.fr\/?page_id=312","title":{"rendered":"Classroom English"},"content":{"rendered":"<p><strong><span style=\"color: #003300;\">Vous pourrez sur ces liens comprendre des ordres \u00e0 l&rsquo;oral, ou vous entra\u00eener \u00e0 les \u00e9crire:<\/span><\/strong><\/p>\n<p><a href=\"https:\/\/quizlet.com\/143862099\/classroom-english-flash-cards\/\" target=\"_blank\" rel=\"noopener noreferrer\">Classroom orders 6e n\u00b01 : comprendre un ordre du professeur! <\/a>(by Mrs Fritz)<\/p>\n<p><a href=\"https:\/\/quizlet.com\/_54i85r\" target=\"_blank\" rel=\"noopener noreferrer\">Classroom orders 6e n\u00b02: Comprendre des ordres<\/a> (by Mrs Fritz)<\/p>\n<p><a href=\"http:\/\/learningapps.org\/view1650263\">Classroom orders <\/a>(by Bmalda)<\/p>\n<p><a href=\"https:\/\/learningapps.org\/view1197127\" target=\"_blank\" rel=\"noopener noreferrer\">Jeu Classroom English: comprendre un ordre \u00e0 l&rsquo;oral <\/a>(by M.H. Prou)<\/p>\n<p><a href=\"http:\/\/english67.fr\/wp-content\/uploads\/2018\/08\/classroom-langg.pdf\">DOCUMENT: Classroom English lesson<\/a> (by Mrs Fritz)<\/p>\n<p><a href=\"https:\/\/quizlet.com\/_3ptov0\" target=\"_blank\" rel=\"noopener noreferrer\">Classroom English 5e \/ 3LV2<\/a> (by Mrs Fritz)<\/p>\n","protected":false},"excerpt":{"rendered":"<p>Vous pourrez sur ces liens comprendre des ordres \u00e0 l&rsquo;oral, ou vous entra\u00eener \u00e0 les \u00e9crire: Classroom orders 6e n\u00b01 : comprendre un ordre du professeur! (by Mrs Fritz) Classroom orders 6e n\u00b02: Comprendre des ordres (by Mrs Fritz) Classroom orders (by Bmalda) Jeu Classroom English: comprendre un ordre \u00e0 l&rsquo;oral (by M.H. Prou) DOCUMENT: &hellip; <a href=\"https:\/\/english67.fr\/?page_id=312\" class=\"more-link\">Continuer la lecture de <span class=\"screen-reader-text\">Classroom English<\/span>  <span class=\"meta-nav\">&rarr;<\/span><\/a><\/p>\n","protected":false},"author":1,"featured_media":317,"parent":0,"menu_order":0,"comment_status":"closed","ping_status":"closed","template":"","meta":{"footnotes":""},"class_list":["post-312","page","type-page","status-publish","has-post-thumbnail","hentry"],"_links":{"self":[{"href":"https:\/\/english67.fr\/index.php?rest_route=\/wp\/v2\/pages\/312","targetHints":{"allow":["GET"]}}],"collection":[{"href":"https:\/\/english67.fr\/index.php?rest_route=\/wp\/v2\/pages"}],"about":[{"href":"https:\/\/english67.fr\/index.php?rest_route=\/wp\/v2\/types\/page"}],"author":[{"embeddable":true,"href":"https:\/\/english67.fr\/index.php?rest_route=\/wp\/v2\/users\/1"}],"replies":[{"embeddable":true,"href":"https:\/\/english67.fr\/index.php?rest_route=%2Fwp%2Fv2%2Fcomments&post=312"}],"version-history":[{"count":14,"href":"https:\/\/english67.fr\/index.php?rest_route=\/wp\/v2\/pages\/312\/revisions"}],"predecessor-version":[{"id":2006,"href":"https:\/\/english67.fr\/index.php?rest_route=\/wp\/v2\/pages\/312\/revisions\/2006"}],"wp:featuredmedia":[{"embeddable":true,"href":"https:\/\/english67.fr\/index.php?rest_route=\/wp\/v2\/media\/317"}],"wp:attachment":[{"href":"https:\/\/english67.fr\/index.php?rest_route=%2Fwp%2Fv2%2Fmedia&parent=312"}],"curies":[{"name":"wp","href":"https:\/\/api.w.org\/{rel}","templated":true}]}}