{"id":320,"date":"2016-09-10T10:24:08","date_gmt":"2016-09-10T09:24:08","guid":{"rendered":"http:\/\/english67.fr\/?page_id=320"},"modified":"2020-08-17T10:37:28","modified_gmt":"2020-08-17T09:37:28","slug":"greetings","status":"publish","type":"page","link":"https:\/\/english67.fr\/?page_id=320","title":{"rendered":"GREETINGS"},"content":{"rendered":"<p><span style=\"color: #ff00ff;\"><strong>Listen to the \u00ab\u00a0Greetings song\u00a0\u00bb:<\/strong><\/span><\/p>\n<p><iframe loading=\"lazy\" title=\"The Greetings Song\" width=\"474\" height=\"267\" src=\"https:\/\/www.youtube.com\/embed\/gVIFEVLzP4o?feature=oembed\" frameborder=\"0\" allow=\"accelerometer; autoplay; clipboard-write; encrypted-media; gyroscope; picture-in-picture; web-share\" referrerpolicy=\"strict-origin-when-cross-origin\" allowfullscreen><\/iframe><\/p>\n<p><strong><span style=\"color: #ff00ff;\">Now watch this video and play the roles of the teacher and the new pupil:<\/span><\/strong><\/p>\n<p><iframe loading=\"lazy\" title=\"[Greeting] Good morning. How are you? - Easy Dialogue - English video for Kids\" width=\"474\" height=\"267\" src=\"https:\/\/www.youtube.com\/embed\/AA5hOCxlRaI?feature=oembed\" frameborder=\"0\" allow=\"accelerometer; autoplay; clipboard-write; encrypted-media; gyroscope; picture-in-picture; web-share\" referrerpolicy=\"strict-origin-when-cross-origin\" allowfullscreen><\/iframe><\/p>\n<p><span style=\"color: #ff00ff;\"><strong>Training: Learn your vocabulary!<\/strong><\/span><\/p>\n<p><a href=\"https:\/\/quizlet.com\/143860721\/je-prends-conge-flash-cards\/\">VOC greetings and farewells<\/a><\/p>\n<p><a href=\"https:\/\/www.liveworksheets.com\/ab5240oh\" target=\"_blank\" rel=\"noopener noreferrer\">Jeu 1 sur les salutations<\/a><\/p>\n<p><a href=\"https:\/\/www.liveworksheets.com\/xb90152nr\" target=\"_blank\" rel=\"noopener noreferrer\">Jeu 2<\/a><\/p>\n<p><a href=\"https:\/\/framindmap.org\/c\/maps\/203710\/public\">RECAP \u00ab\u00a0Je me pr\u00e9sente et fais connaissance\u00a0\u00bb <\/a>(cliquez sur les petits ronds pour faire dispara\u00eetre les r\u00e9ponses)<\/p>\n\n\n<hr class=\"wp-block-separator\"\/>\n\n\n\n<h2 class=\"wp-block-heading\">Pour aller plus loin, voici un r\u00e9capitulatif des salutations avec des pr\u00e9cisions et des expressions suppl\u00e9mentaires, c&rsquo;est le tuto de Huito:<\/h2>\n\n\n\n<figure class=\"wp-block-embed-youtube wp-block-embed is-type-video is-provider-youtube wp-embed-aspect-16-9 wp-has-aspect-ratio\"><div class=\"wp-block-embed__wrapper\">\n<iframe loading=\"lazy\" title=\"Apprendre l&#039;anglais avec HUITO Episode 1: Saluer en anglais\" width=\"474\" height=\"267\" src=\"https:\/\/www.youtube.com\/embed\/7I_OMwCJN5E?feature=oembed\" frameborder=\"0\" allow=\"accelerometer; autoplay; clipboard-write; encrypted-media; gyroscope; picture-in-picture; web-share\" referrerpolicy=\"strict-origin-when-cross-origin\" allowfullscreen><\/iframe>\n<\/div><\/figure>\n","protected":false},"excerpt":{"rendered":"<p>Listen to the \u00ab\u00a0Greetings song\u00a0\u00bb: Now watch this video and play the roles of the teacher and the new pupil: Training: Learn your vocabulary! VOC greetings and farewells Jeu 1 sur les salutations Jeu 2 RECAP \u00ab\u00a0Je me pr\u00e9sente et fais connaissance\u00a0\u00bb (cliquez sur les petits ronds pour faire dispara\u00eetre les r\u00e9ponses) Pour aller plus &hellip; <a href=\"https:\/\/english67.fr\/?page_id=320\" class=\"more-link\">Continuer la lecture de <span class=\"screen-reader-text\">GREETINGS<\/span>  <span class=\"meta-nav\">&rarr;<\/span><\/a><\/p>\n","protected":false},"author":1,"featured_media":332,"parent":0,"menu_order":0,"comment_status":"closed","ping_status":"closed","template":"","meta":{"footnotes":""},"class_list":["post-320","page","type-page","status-publish","has-post-thumbnail","hentry"],"_links":{"self":[{"href":"https:\/\/english67.fr\/index.php?rest_route=\/wp\/v2\/pages\/320","targetHints":{"allow":["GET"]}}],"collection":[{"href":"https:\/\/english67.fr\/index.php?rest_route=\/wp\/v2\/pages"}],"about":[{"href":"https:\/\/english67.fr\/index.php?rest_route=\/wp\/v2\/types\/page"}],"author":[{"embeddable":true,"href":"https:\/\/english67.fr\/index.php?rest_route=\/wp\/v2\/users\/1"}],"replies":[{"embeddable":true,"href":"https:\/\/english67.fr\/index.php?rest_route=%2Fwp%2Fv2%2Fcomments&post=320"}],"version-history":[{"count":10,"href":"https:\/\/english67.fr\/index.php?rest_route=\/wp\/v2\/pages\/320\/revisions"}],"predecessor-version":[{"id":2133,"href":"https:\/\/english67.fr\/index.php?rest_route=\/wp\/v2\/pages\/320\/revisions\/2133"}],"wp:featuredmedia":[{"embeddable":true,"href":"https:\/\/english67.fr\/index.php?rest_route=\/wp\/v2\/media\/332"}],"wp:attachment":[{"href":"https:\/\/english67.fr\/index.php?rest_route=%2Fwp%2Fv2%2Fmedia&parent=320"}],"curies":[{"name":"wp","href":"https:\/\/api.w.org\/{rel}","templated":true}]}}