{"id":327,"date":"2016-09-10T10:39:00","date_gmt":"2016-09-10T09:39:00","guid":{"rendered":"http:\/\/english67.fr\/?page_id=327"},"modified":"2020-08-17T10:40:04","modified_gmt":"2020-08-17T09:40:04","slug":"the-alphabet","status":"publish","type":"page","link":"https:\/\/english67.fr\/?page_id=327","title":{"rendered":"THE ALPHABET"},"content":{"rendered":"<p><span style=\"text-decoration: underline; color: #ff00ff;\"><strong>Let&rsquo;s learn the alphabet and the phonetics! RAP IT!<\/strong><\/span><\/p>\n<p><iframe loading=\"lazy\" title=\"Alphabet Song | ABC Song | Phonics Song\" width=\"474\" height=\"267\" src=\"https:\/\/www.youtube.com\/embed\/36IBDpTRVNE?feature=oembed\" frameborder=\"0\" allow=\"accelerometer; autoplay; clipboard-write; encrypted-media; gyroscope; picture-in-picture; web-share\" referrerpolicy=\"strict-origin-when-cross-origin\" allowfullscreen><\/iframe><\/p>\n<p><span style=\"text-decoration: underline;\"><strong><span style=\"color: #ff00ff; text-decoration: underline;\">Pour comprendre les lettres de l&rsquo;alphabet \u00e0 l&rsquo;oral:<\/span><\/strong><\/span><\/p>\n<p><a href=\"http:\/\/LearningApps.org\/view2071136\">Alphabet mix<\/a><\/p>\n<p><a href=\"https:\/\/www.liveworksheets.com\/dq16836vk\" target=\"_blank\" rel=\"noopener noreferrer\">Jeu 1<\/a><\/p>\n<p><a href=\"https:\/\/www.liveworksheets.com\/yh250391ut\" target=\"_blank\" rel=\"noopener noreferrer\">Jeu 2<\/a><\/p>\n<p><a href=\"https:\/\/www.liveworksheets.com\/ek343114as\" target=\"_blank\" rel=\"noopener noreferrer\">Jeu Alphabet phon\u00e9tique<\/a><\/p>\n<p><a href=\"https:\/\/www.liveworksheets.com\/dp624gi\" target=\"_blank\" rel=\"noopener noreferrer\">Jeu alphabet puzzle<\/a><\/p>\n<p><span style=\"text-decoration: underline;\"><strong><span style=\"color: #ff00ff; text-decoration: underline;\">Pour comprendre un mot \u00e9pel\u00e9:<\/span><\/strong><\/span><\/p>\n<p><a href=\"http:\/\/LearningApps.org\/view1299358\">Spelling<\/a><\/p>\n<p><a href=\"https:\/\/www.liveworksheets.com\/pi274725mp\" target=\"_blank\" rel=\"noopener noreferrer\">Dialogues \u00e9peler + comprendre l&rsquo;\u00e2ge<\/a><\/p>\n\n\n<hr class=\"wp-block-separator\"\/>\n\n\n\n<h2 class=\"wp-block-heading\">Voici le tuto de Huito sur l&rsquo;alphabet!<\/h2>\n\n\n\n<figure class=\"wp-block-embed-youtube wp-block-embed is-type-video is-provider-youtube wp-embed-aspect-16-9 wp-has-aspect-ratio\"><div class=\"wp-block-embed__wrapper\">\n<iframe loading=\"lazy\" title=\"Apprendre l&#039;anglais avec Huito Episode 2: L&#039;alphabet anglais\" width=\"474\" height=\"267\" src=\"https:\/\/www.youtube.com\/embed\/9Z7STusENH0?feature=oembed\" frameborder=\"0\" allow=\"accelerometer; autoplay; clipboard-write; encrypted-media; gyroscope; picture-in-picture; web-share\" referrerpolicy=\"strict-origin-when-cross-origin\" allowfullscreen><\/iframe>\n<\/div><\/figure>\n","protected":false},"excerpt":{"rendered":"<p>Let&rsquo;s learn the alphabet and the phonetics! RAP IT! Pour comprendre les lettres de l&rsquo;alphabet \u00e0 l&rsquo;oral: Alphabet mix Jeu 1 Jeu 2 Jeu Alphabet phon\u00e9tique Jeu alphabet puzzle Pour comprendre un mot \u00e9pel\u00e9: Spelling Dialogues \u00e9peler + comprendre l&rsquo;\u00e2ge Voici le tuto de Huito sur l&rsquo;alphabet!<\/p>\n","protected":false},"author":1,"featured_media":331,"parent":0,"menu_order":0,"comment_status":"closed","ping_status":"closed","template":"","meta":{"footnotes":""},"class_list":["post-327","page","type-page","status-publish","has-post-thumbnail","hentry"],"_links":{"self":[{"href":"https:\/\/english67.fr\/index.php?rest_route=\/wp\/v2\/pages\/327","targetHints":{"allow":["GET"]}}],"collection":[{"href":"https:\/\/english67.fr\/index.php?rest_route=\/wp\/v2\/pages"}],"about":[{"href":"https:\/\/english67.fr\/index.php?rest_route=\/wp\/v2\/types\/page"}],"author":[{"embeddable":true,"href":"https:\/\/english67.fr\/index.php?rest_route=\/wp\/v2\/users\/1"}],"replies":[{"embeddable":true,"href":"https:\/\/english67.fr\/index.php?rest_route=%2Fwp%2Fv2%2Fcomments&post=327"}],"version-history":[{"count":11,"href":"https:\/\/english67.fr\/index.php?rest_route=\/wp\/v2\/pages\/327\/revisions"}],"predecessor-version":[{"id":2134,"href":"https:\/\/english67.fr\/index.php?rest_route=\/wp\/v2\/pages\/327\/revisions\/2134"}],"wp:featuredmedia":[{"embeddable":true,"href":"https:\/\/english67.fr\/index.php?rest_route=\/wp\/v2\/media\/331"}],"wp:attachment":[{"href":"https:\/\/english67.fr\/index.php?rest_route=%2Fwp%2Fv2%2Fmedia&parent=327"}],"curies":[{"name":"wp","href":"https:\/\/api.w.org\/{rel}","templated":true}]}}