{"id":468,"date":"2016-10-16T12:51:36","date_gmt":"2016-10-16T11:51:36","guid":{"rendered":"http:\/\/english67.fr\/?page_id=468"},"modified":"2018-10-15T14:12:05","modified_gmt":"2018-10-15T13:12:05","slug":"halloween","status":"publish","type":"page","link":"https:\/\/english67.fr\/?page_id=468","title":{"rendered":"Halloween"},"content":{"rendered":"<p><span style=\"color: #333333;\"><strong>Pour apprendre du vocabulaire sur Halloween, <a href=\"https:\/\/quizlet.com\/_5er77i\" target=\"_blank\" rel=\"noopener\">cliquer ici!<\/a><\/strong><\/span><\/p>\n<p><a href=\"https:\/\/learningapps.org\/view475371\" target=\"_blank\" rel=\"noopener\">Ou ici&#8230;<\/a><\/p>\n<hr \/>\n<p><strong>Pour conna\u00eetre l&rsquo;histoire, les origines d&rsquo;Halloween, regardez ces deux vid\u00e9os!<br \/>\n<\/strong><\/p>\n<p><strong><a href=\"https:\/\/www.youtube.com\/watch?v=91EstdKw4CE&amp;t=1s\" target=\"_blank\" rel=\"noopener\">Vid\u00e9o 1<\/a><\/strong><\/p>\n<p>Vid\u00e9o 2:<\/p>\n<p><iframe loading=\"lazy\" title=\"Bet You Didn&#039;t Know: Halloween | History\" width=\"474\" height=\"267\" src=\"https:\/\/www.youtube.com\/embed\/dHQZErtwA3E?start=2&#038;feature=oembed\" frameborder=\"0\" allow=\"accelerometer; autoplay; clipboard-write; encrypted-media; gyroscope; picture-in-picture; web-share\" referrerpolicy=\"strict-origin-when-cross-origin\" allowfullscreen><\/iframe><\/p>\n<hr \/>\n<p><span style=\"text-decoration: underline;\"><strong><span style=\"color: #ff6600; text-decoration: underline;\">Do you like celebrating Halloween?<\/span><\/strong><\/span><\/p>\n<p><strong><span style=\"color: #ff6600;\">Listen to this famous Halloween song&#8230; This is Halloween!<\/span><\/strong><\/p>\n<p><iframe loading=\"lazy\" title=\"This is halloween sing along\" width=\"474\" height=\"356\" src=\"https:\/\/www.youtube.com\/embed\/1vVjVTCVXdE?feature=oembed\" frameborder=\"0\" allow=\"accelerometer; autoplay; clipboard-write; encrypted-media; gyroscope; picture-in-picture; web-share\" referrerpolicy=\"strict-origin-when-cross-origin\" allowfullscreen><\/iframe><\/p>\n<p>___________________________________________________________________________<\/p>\n<p><a href=\"http:\/\/prezi.com\/xiz8-j3rq3pf\/?utm_campaign=share&amp;utm_medium=copy\">Presentation for oral expression<\/a><\/p>\n<p>___________________________________________________________________________<\/p>\n<p><span style=\"text-decoration: underline;\"><strong><span style=\"color: #ff6600; text-decoration: underline;\">Do you want to carve a pumpkin? Let&rsquo;s watch this video !<\/span><\/strong><\/span><\/p>\n<p><iframe loading=\"lazy\" title=\"How to Carve Halloween Pumpkins\" width=\"474\" height=\"267\" src=\"https:\/\/www.youtube.com\/embed\/RUVNHh2hkGU?feature=oembed\" frameborder=\"0\" allow=\"accelerometer; autoplay; clipboard-write; encrypted-media; gyroscope; picture-in-picture; web-share\" referrerpolicy=\"strict-origin-when-cross-origin\" allowfullscreen><\/iframe><\/p>\n<p><span style=\"text-decoration: underline;\"><span style=\"color: #ff6600; text-decoration: underline;\"><strong>If I can do it, so can you! Have a look at my beautiful Jack-O&rsquo;-Lanterns!<\/strong><\/span><\/span><\/p>\n<p>2017:<\/p>\n<p><a href=\"http:\/\/english67.fr\/wp-content\/uploads\/2016\/10\/pumpkin2017.jpg\"><img loading=\"lazy\" decoding=\"async\" class=\"alignnone size-full wp-image-1104\" src=\"http:\/\/english67.fr\/wp-content\/uploads\/2016\/10\/pumpkin2017.jpg\" alt=\"\" width=\"4160\" height=\"2340\" srcset=\"https:\/\/english67.fr\/wp-content\/uploads\/2016\/10\/pumpkin2017.jpg 4160w, https:\/\/english67.fr\/wp-content\/uploads\/2016\/10\/pumpkin2017-300x169.jpg 300w, https:\/\/english67.fr\/wp-content\/uploads\/2016\/10\/pumpkin2017-768x432.jpg 768w, https:\/\/english67.fr\/wp-content\/uploads\/2016\/10\/pumpkin2017-1024x576.jpg 1024w\" sizes=\"auto, (max-width: 4160px) 100vw, 4160px\" \/><\/a><\/p>\n<p>2016:<\/p>\n<p><a href=\"http:\/\/english67.fr\/wp-content\/uploads\/2016\/10\/IMG_20161030_100419.jpg\"><img loading=\"lazy\" decoding=\"async\" class=\"alignnone size-full wp-image-539\" src=\"http:\/\/english67.fr\/wp-content\/uploads\/2016\/10\/IMG_20161030_100419.jpg\" alt=\"img_20161030_100419\" width=\"3264\" height=\"2448\" srcset=\"https:\/\/english67.fr\/wp-content\/uploads\/2016\/10\/IMG_20161030_100419.jpg 3264w, https:\/\/english67.fr\/wp-content\/uploads\/2016\/10\/IMG_20161030_100419-300x225.jpg 300w, https:\/\/english67.fr\/wp-content\/uploads\/2016\/10\/IMG_20161030_100419-768x576.jpg 768w, https:\/\/english67.fr\/wp-content\/uploads\/2016\/10\/IMG_20161030_100419-1024x768.jpg 1024w\" sizes=\"auto, (max-width: 3264px) 100vw, 3264px\" \/><\/a><\/p>\n<p><a href=\"http:\/\/english67.fr\/wp-content\/uploads\/2016\/10\/IMG_20161030_100037-1.jpg\"><img loading=\"lazy\" decoding=\"async\" class=\"alignnone size-full wp-image-538\" src=\"http:\/\/english67.fr\/wp-content\/uploads\/2016\/10\/IMG_20161030_100037-1.jpg\" alt=\"img_20161030_100037\" width=\"2448\" height=\"3264\" srcset=\"https:\/\/english67.fr\/wp-content\/uploads\/2016\/10\/IMG_20161030_100037-1.jpg 2448w, https:\/\/english67.fr\/wp-content\/uploads\/2016\/10\/IMG_20161030_100037-1-225x300.jpg 225w, https:\/\/english67.fr\/wp-content\/uploads\/2016\/10\/IMG_20161030_100037-1-768x1024.jpg 768w\" sizes=\"auto, (max-width: 2448px) 100vw, 2448px\" \/><\/a><\/p>\n<p>&nbsp;<\/p>\n","protected":false},"excerpt":{"rendered":"<p>Pour apprendre du vocabulaire sur Halloween, cliquer ici! Ou ici&#8230; Pour conna\u00eetre l&rsquo;histoire, les origines d&rsquo;Halloween, regardez ces deux vid\u00e9os! Vid\u00e9o 1 Vid\u00e9o 2: Do you like celebrating Halloween? Listen to this famous Halloween song&#8230; This is Halloween! ___________________________________________________________________________ Presentation for oral expression ___________________________________________________________________________ Do you want to carve a pumpkin? Let&rsquo;s watch this video &hellip; <a href=\"https:\/\/english67.fr\/?page_id=468\" class=\"more-link\">Continuer la lecture de <span class=\"screen-reader-text\">Halloween<\/span>  <span class=\"meta-nav\">&rarr;<\/span><\/a><\/p>\n","protected":false},"author":1,"featured_media":471,"parent":0,"menu_order":0,"comment_status":"closed","ping_status":"closed","template":"","meta":{"footnotes":""},"class_list":["post-468","page","type-page","status-publish","has-post-thumbnail","hentry"],"_links":{"self":[{"href":"https:\/\/english67.fr\/index.php?rest_route=\/wp\/v2\/pages\/468","targetHints":{"allow":["GET"]}}],"collection":[{"href":"https:\/\/english67.fr\/index.php?rest_route=\/wp\/v2\/pages"}],"about":[{"href":"https:\/\/english67.fr\/index.php?rest_route=\/wp\/v2\/types\/page"}],"author":[{"embeddable":true,"href":"https:\/\/english67.fr\/index.php?rest_route=\/wp\/v2\/users\/1"}],"replies":[{"embeddable":true,"href":"https:\/\/english67.fr\/index.php?rest_route=%2Fwp%2Fv2%2Fcomments&post=468"}],"version-history":[{"count":17,"href":"https:\/\/english67.fr\/index.php?rest_route=\/wp\/v2\/pages\/468\/revisions"}],"predecessor-version":[{"id":1622,"href":"https:\/\/english67.fr\/index.php?rest_route=\/wp\/v2\/pages\/468\/revisions\/1622"}],"wp:featuredmedia":[{"embeddable":true,"href":"https:\/\/english67.fr\/index.php?rest_route=\/wp\/v2\/media\/471"}],"wp:attachment":[{"href":"https:\/\/english67.fr\/index.php?rest_route=%2Fwp%2Fv2%2Fmedia&parent=468"}],"curies":[{"name":"wp","href":"https:\/\/api.w.org\/{rel}","templated":true}]}}