{"id":704,"date":"2016-12-22T18:16:39","date_gmt":"2016-12-22T17:16:39","guid":{"rendered":"http:\/\/english67.fr\/?page_id=704"},"modified":"2020-08-19T15:17:34","modified_gmt":"2020-08-19T14:17:34","slug":"at-home-2","status":"publish","type":"page","link":"https:\/\/english67.fr\/?page_id=704","title":{"rendered":"THE HOUSE"},"content":{"rendered":"<h1>Le\u00e7on sur le vocabulaire de la maison en vid\u00e9o:<\/h1>\n<p><iframe loading=\"lazy\" title=\"Cours d&#039;anglais avec Huito: Pi\u00e8ces et objets de la maison\" width=\"474\" height=\"267\" src=\"https:\/\/www.youtube.com\/embed\/WEVYrTatn6M?feature=oembed\" frameborder=\"0\" allow=\"accelerometer; autoplay; clipboard-write; encrypted-media; gyroscope; picture-in-picture; web-share\" referrerpolicy=\"strict-origin-when-cross-origin\" allowfullscreen><\/iframe><\/p>\n<hr \/>\n<p><span style=\"color: #0000ff;\"><strong>Vocabulary of the house (furniture, rooms etc.):<\/strong><\/span><\/p>\n<p><a href=\"http:\/\/english67.fr\/wp-content\/uploads\/2016\/12\/At-home.png\"><img loading=\"lazy\" decoding=\"async\" class=\"alignnone size-full wp-image-699\" src=\"http:\/\/english67.fr\/wp-content\/uploads\/2016\/12\/At-home.png\" alt=\"\" width=\"760\" height=\"1060\" srcset=\"https:\/\/english67.fr\/wp-content\/uploads\/2016\/12\/At-home.png 760w, https:\/\/english67.fr\/wp-content\/uploads\/2016\/12\/At-home-215x300.png 215w, https:\/\/english67.fr\/wp-content\/uploads\/2016\/12\/At-home-734x1024.png 734w\" sizes=\"auto, (max-width: 760px) 100vw, 760px\" \/><\/a><\/p>\n<hr \/>\n<p><span style=\"color: #0000ff;\"><strong>Et voici plusieurs activit\u00e9s pour m\u00e9moriser le lexique des pi\u00e8ces de la maison!<\/strong><\/span><\/p>\n<p><span style=\"color: #0000ff;\"><strong><a href=\"https:\/\/learningapps.org\/view3507305\" target=\"_blank\" rel=\"noopener noreferrer\">Activit\u00e9 1<\/a><\/strong><\/span><\/p>\n<p><a href=\"https:\/\/learningapps.org\/view694421\" target=\"_blank\" rel=\"noopener noreferrer\"><strong>Activit\u00e9 2<\/strong><\/a><\/p>\n<p><a href=\"https:\/\/learningapps.org\/view2984410\" target=\"_blank\" rel=\"noopener noreferrer\"><strong>Activit\u00e9 3: Ecrire<\/strong><\/a><\/p>\n","protected":false},"excerpt":{"rendered":"<p>Le\u00e7on sur le vocabulaire de la maison en vid\u00e9o: Vocabulary of the house (furniture, rooms etc.): Et voici plusieurs activit\u00e9s pour m\u00e9moriser le lexique des pi\u00e8ces de la maison! Activit\u00e9 1 Activit\u00e9 2 Activit\u00e9 3: Ecrire<\/p>\n","protected":false},"author":1,"featured_media":0,"parent":0,"menu_order":0,"comment_status":"closed","ping_status":"closed","template":"","meta":{"footnotes":""},"class_list":["post-704","page","type-page","status-publish","hentry"],"_links":{"self":[{"href":"https:\/\/english67.fr\/index.php?rest_route=\/wp\/v2\/pages\/704","targetHints":{"allow":["GET"]}}],"collection":[{"href":"https:\/\/english67.fr\/index.php?rest_route=\/wp\/v2\/pages"}],"about":[{"href":"https:\/\/english67.fr\/index.php?rest_route=\/wp\/v2\/types\/page"}],"author":[{"embeddable":true,"href":"https:\/\/english67.fr\/index.php?rest_route=\/wp\/v2\/users\/1"}],"replies":[{"embeddable":true,"href":"https:\/\/english67.fr\/index.php?rest_route=%2Fwp%2Fv2%2Fcomments&post=704"}],"version-history":[{"count":5,"href":"https:\/\/english67.fr\/index.php?rest_route=\/wp\/v2\/pages\/704\/revisions"}],"predecessor-version":[{"id":2173,"href":"https:\/\/english67.fr\/index.php?rest_route=\/wp\/v2\/pages\/704\/revisions\/2173"}],"wp:attachment":[{"href":"https:\/\/english67.fr\/index.php?rest_route=%2Fwp%2Fv2%2Fmedia&parent=704"}],"curies":[{"name":"wp","href":"https:\/\/api.w.org\/{rel}","templated":true}]}}