{"id":837,"date":"2017-03-04T12:16:58","date_gmt":"2017-03-04T11:16:58","guid":{"rendered":"http:\/\/english67.fr\/?page_id=837"},"modified":"2021-05-09T10:47:43","modified_gmt":"2021-05-09T09:47:43","slug":"london","status":"publish","type":"page","link":"https:\/\/english67.fr\/?page_id=837","title":{"rendered":"London"},"content":{"rendered":"<p><a href=\"https:\/\/view.genial.ly\/5eb9ac0ad236a10cfac68ed1\">Here is an escape game about Paddington in London for the 6e!<\/a><\/p>\n<p><strong><span style=\"color: #ff6600;\">What&rsquo;s the Tower of London?<\/span><\/strong> <a href=\"http:\/\/www.speakeasy-news.com\/guardians-of-the-tower\/\" target=\"_blank\" rel=\"noopener noreferrer\">CLICK!<\/a><\/p>\n<hr \/>\n<p><a href=\"http:\/\/english67.fr\/?page_id=1413\">Big Ben<\/a><\/p>\n<hr \/>\n<p><strong><span style=\"color: #ff9900;\"><span style=\"color: #ff6600;\">LET&rsquo;S DISCOVER LONDON!<\/span><\/span><span style=\"color: #ff9900;\"><br \/>\n<\/span><\/strong><\/p>\n<p><strong><span style=\"color: #993366;\">This is a padlet made by \u00ab\u00a05e\u00a0\u00bb pupils about famous London attractions:<\/span><\/strong> <a href=\"https:\/\/padlet.com\/Mrs_F\/ublc7r7xxd80\" target=\"_blank\" rel=\"noopener noreferrer\">CLICK!<\/a><\/p>\n<hr \/>\n<p><strong><span style=\"color: #993366;\">You can also watch a video about London attractions:<\/span><\/strong><\/p>\n<p><span style=\"color: #003366;\"><strong>Video for beginners (pour d\u00e9butants 6e\/5e):<\/strong><\/span><\/p>\n<p><iframe loading=\"lazy\" title=\"London (for beginners)\" width=\"474\" height=\"267\" src=\"https:\/\/www.youtube.com\/embed\/piIXzRnJ8PM?feature=oembed\" frameborder=\"0\" allow=\"accelerometer; autoplay; clipboard-write; encrypted-media; gyroscope; picture-in-picture; web-share\" referrerpolicy=\"strict-origin-when-cross-origin\" allowfullscreen><\/iframe><\/p>\n<p><span style=\"color: #003366;\"><strong>Video for 5e-3e:<\/strong><\/span><\/p>\n<p><iframe loading=\"lazy\" title=\"Top 10 London Attractions\" width=\"474\" height=\"267\" src=\"https:\/\/www.youtube.com\/embed\/L0r0VTos_wU?feature=oembed\" frameborder=\"0\" allow=\"accelerometer; autoplay; clipboard-write; encrypted-media; gyroscope; picture-in-picture; web-share\" referrerpolicy=\"strict-origin-when-cross-origin\" allowfullscreen><\/iframe><\/p>\n<hr \/>\n<p><span style=\"color: #800080;\"><strong>Vous \u00eates bons en arts plastiques? Je vous mets au d\u00e9fi de dessiner Big Ben \u00e0 partir de cette vid\u00e9o&#8230;<br \/>\n<\/strong><\/span><\/p>\n<p><iframe loading=\"lazy\" title=\"Learn how to draw big Ben, using ruler, video for kids to learn drawing and enjoy art, \u513f\u7ae5\u7b80\u7b14\u753b\u6559\u7a0b\" width=\"474\" height=\"267\" src=\"https:\/\/www.youtube.com\/embed\/1o-xcYbIZ28?feature=oembed\" frameborder=\"0\" allow=\"accelerometer; autoplay; clipboard-write; encrypted-media; gyroscope; picture-in-picture; web-share\" referrerpolicy=\"strict-origin-when-cross-origin\" allowfullscreen><\/iframe><\/p>\n","protected":false},"excerpt":{"rendered":"<p>Here is an escape game about Paddington in London for the 6e! What&rsquo;s the Tower of London? CLICK! Big Ben LET&rsquo;S DISCOVER LONDON! This is a padlet made by \u00ab\u00a05e\u00a0\u00bb pupils about famous London attractions: CLICK! You can also watch a video about London attractions: Video for beginners (pour d\u00e9butants 6e\/5e): Video for 5e-3e: Vous &hellip; <a href=\"https:\/\/english67.fr\/?page_id=837\" class=\"more-link\">Continuer la lecture de <span class=\"screen-reader-text\">London<\/span>  <span class=\"meta-nav\">&rarr;<\/span><\/a><\/p>\n","protected":false},"author":1,"featured_media":840,"parent":0,"menu_order":0,"comment_status":"closed","ping_status":"closed","template":"","meta":{"footnotes":""},"class_list":["post-837","page","type-page","status-publish","has-post-thumbnail","hentry"],"_links":{"self":[{"href":"https:\/\/english67.fr\/index.php?rest_route=\/wp\/v2\/pages\/837","targetHints":{"allow":["GET"]}}],"collection":[{"href":"https:\/\/english67.fr\/index.php?rest_route=\/wp\/v2\/pages"}],"about":[{"href":"https:\/\/english67.fr\/index.php?rest_route=\/wp\/v2\/types\/page"}],"author":[{"embeddable":true,"href":"https:\/\/english67.fr\/index.php?rest_route=\/wp\/v2\/users\/1"}],"replies":[{"embeddable":true,"href":"https:\/\/english67.fr\/index.php?rest_route=%2Fwp%2Fv2%2Fcomments&post=837"}],"version-history":[{"count":9,"href":"https:\/\/english67.fr\/index.php?rest_route=\/wp\/v2\/pages\/837\/revisions"}],"predecessor-version":[{"id":2408,"href":"https:\/\/english67.fr\/index.php?rest_route=\/wp\/v2\/pages\/837\/revisions\/2408"}],"wp:featuredmedia":[{"embeddable":true,"href":"https:\/\/english67.fr\/index.php?rest_route=\/wp\/v2\/media\/840"}],"wp:attachment":[{"href":"https:\/\/english67.fr\/index.php?rest_route=%2Fwp%2Fv2%2Fmedia&parent=837"}],"curies":[{"name":"wp","href":"https:\/\/api.w.org\/{rel}","templated":true}]}}