{"id":969,"date":"2017-06-07T09:21:35","date_gmt":"2017-06-07T08:21:35","guid":{"rendered":"http:\/\/english67.fr\/?page_id=969"},"modified":"2020-08-17T11:03:31","modified_gmt":"2020-08-17T10:03:31","slug":"weather","status":"publish","type":"page","link":"https:\/\/english67.fr\/?page_id=969","title":{"rendered":"Weather"},"content":{"rendered":"<h1>Le tuto de Huito sur la m\u00e9t\u00e9o&#8230;<\/h1>\n<p><iframe loading=\"lazy\" title=\"The weather in English\" width=\"474\" height=\"267\" src=\"https:\/\/www.youtube.com\/embed\/kx3LgQ4KT-I?feature=oembed\" frameborder=\"0\" allow=\"accelerometer; autoplay; clipboard-write; encrypted-media; gyroscope; picture-in-picture; web-share\" referrerpolicy=\"strict-origin-when-cross-origin\" allowfullscreen><\/iframe><\/p>\n<hr \/>\n<h1>JEUX<\/h1>\n<p><span style=\"color: #000000;\"><strong>Learn the vocabulary of the weather:<\/strong><\/span> <a href=\"https:\/\/quizlet.com\/102448751\/the-weather-flash-cards\/\" target=\"_blank\" rel=\"noopener noreferrer\">HERE!<\/a><\/p>\n<p><a href=\"https:\/\/quizlet.com\/_6p9lke\" target=\"_blank\" rel=\"noopener noreferrer\">Weather 6e<\/a><\/p>\n<p><strong><a href=\"https:\/\/learningapps.org\/view3143943\" target=\"_blank\" rel=\"noopener noreferrer\">Activit\u00e9 1: Quel est le temps sur les photos?<\/a><\/strong><\/p>\n<p><strong><a href=\"https:\/\/learningapps.org\/view2245191\" target=\"_blank\" rel=\"noopener noreferrer\">Activit\u00e9 2: Entra\u00eenez-vous \u00e0 pr\u00e9senter la m\u00e9t\u00e9o au Royaume-Uni! (Production orale en continu)<\/a><\/strong><\/p>\n<p><a href=\"https:\/\/learningapps.org\/view2670912\" target=\"_blank\" rel=\"noopener noreferrer\"><strong>Activit\u00e9 3: Comprendre la m\u00e9t\u00e9o \u00e0 l&rsquo;oral<\/strong><\/a><\/p>\n","protected":false},"excerpt":{"rendered":"<p>Le tuto de Huito sur la m\u00e9t\u00e9o&#8230; JEUX Learn the vocabulary of the weather: HERE! Weather 6e Activit\u00e9 1: Quel est le temps sur les photos? Activit\u00e9 2: Entra\u00eenez-vous \u00e0 pr\u00e9senter la m\u00e9t\u00e9o au Royaume-Uni! (Production orale en continu) Activit\u00e9 3: Comprendre la m\u00e9t\u00e9o \u00e0 l&rsquo;oral<\/p>\n","protected":false},"author":1,"featured_media":1256,"parent":0,"menu_order":0,"comment_status":"closed","ping_status":"closed","template":"","meta":{"footnotes":""},"class_list":["post-969","page","type-page","status-publish","has-post-thumbnail","hentry"],"_links":{"self":[{"href":"https:\/\/english67.fr\/index.php?rest_route=\/wp\/v2\/pages\/969","targetHints":{"allow":["GET"]}}],"collection":[{"href":"https:\/\/english67.fr\/index.php?rest_route=\/wp\/v2\/pages"}],"about":[{"href":"https:\/\/english67.fr\/index.php?rest_route=\/wp\/v2\/types\/page"}],"author":[{"embeddable":true,"href":"https:\/\/english67.fr\/index.php?rest_route=\/wp\/v2\/users\/1"}],"replies":[{"embeddable":true,"href":"https:\/\/english67.fr\/index.php?rest_route=%2Fwp%2Fv2%2Fcomments&post=969"}],"version-history":[{"count":7,"href":"https:\/\/english67.fr\/index.php?rest_route=\/wp\/v2\/pages\/969\/revisions"}],"predecessor-version":[{"id":2151,"href":"https:\/\/english67.fr\/index.php?rest_route=\/wp\/v2\/pages\/969\/revisions\/2151"}],"wp:featuredmedia":[{"embeddable":true,"href":"https:\/\/english67.fr\/index.php?rest_route=\/wp\/v2\/media\/1256"}],"wp:attachment":[{"href":"https:\/\/english67.fr\/index.php?rest_route=%2Fwp%2Fv2%2Fmedia&parent=969"}],"curies":[{"name":"wp","href":"https:\/\/api.w.org\/{rel}","templated":true}]}}